{"id":3103,"date":"2023-07-06T11:11:29","date_gmt":"2023-07-06T11:11:29","guid":{"rendered":"https:\/\/khogiaodienmau.net\/trumtheme\/?post_type=product&#038;p=3103"},"modified":"2023-07-06T11:11:29","modified_gmt":"2023-07-06T11:11:29","slug":"theme-wordpress-gioi-thieu-cong-ty-8-chuyen-may-loc-nuoc","status":"publish","type":"product","link":"https:\/\/khogiaodienmau.net\/trumtheme\/themes\/theme-wordpress-gioi-thieu-cong-ty-8-chuyen-may-loc-nuoc\/","title":{"rendered":"Theme WordPress gi\u1edbi thi\u1ec7u c\u00f4ng ty 8 chuy\u00ean m\u00e1y l\u1ecdc n\u01b0\u1edbc"},"content":{"rendered":"","protected":false},"excerpt":{"rendered":"<p>Theme WordPress Gi\u1edbi Thi\u1ec7u C\u00f4ng Ty 8 l\u00e0 m\u1ed9t c\u00f4ng c\u1ee5 m\u1ea1nh m\u1ebd \u0111\u1ec3 x\u00e2y d\u1ef1ng trang web chuy\u00ean v\u1ec1 m\u00e1y l\u1ecdc n\u01b0\u1edbc. V\u1edbi giao di\u1ec7n chuy\u00ean nghi\u1ec7p, t\u00ednh n\u0103ng \u0111a d\u1ea1ng v\u00e0 kh\u1ea3 n\u0103ng t\u00f9y ch\u1ec9nh linh ho\u1ea1t, b\u1ea1n c\u00f3 th\u1ec3 t\u1ea1o ra m\u1ed9t tr\u1ea3i nghi\u1ec7m th\u00fa v\u1ecb cho kh\u00e1ch h\u00e0ng v\u00e0 \u0111\u1ea9y m\u1ea1nh ho\u1ea1t \u0111\u1ed9ng kinh doanh c\u1ee7a c\u00f4ng ty.<\/p>\n","protected":false},"featured_media":3104,"comment_status":"open","ping_status":"closed","template":"","meta":[],"product_brand":[],"product_cat":[46,57,50],"product_tag":[],"class_list":{"0":"post-3103","1":"product","2":"type-product","3":"status-publish","4":"has-post-thumbnail","6":"product_cat-theme-hot","7":"product_cat-theme-wordpress-dich-vu","8":"product_cat-theme-wordpress-gioi-thieu-cong-ty","10":"first","11":"instock","12":"sale","13":"downloadable","14":"shipping-taxable","15":"purchasable","16":"product-type-simple"},"acf":[],"_links":{"self":[{"href":"https:\/\/khogiaodienmau.net\/trumtheme\/wp-json\/wp\/v2\/product\/3103"}],"collection":[{"href":"https:\/\/khogiaodienmau.net\/trumtheme\/wp-json\/wp\/v2\/product"}],"about":[{"href":"https:\/\/khogiaodienmau.net\/trumtheme\/wp-json\/wp\/v2\/types\/product"}],"replies":[{"embeddable":true,"href":"https:\/\/khogiaodienmau.net\/trumtheme\/wp-json\/wp\/v2\/comments?post=3103"}],"wp:featuredmedia":[{"embeddable":true,"href":"https:\/\/khogiaodienmau.net\/trumtheme\/wp-json\/wp\/v2\/media\/3104"}],"wp:attachment":[{"href":"https:\/\/khogiaodienmau.net\/trumtheme\/wp-json\/wp\/v2\/media?parent=3103"}],"wp:term":[{"taxonomy":"product_brand","embeddable":true,"href":"https:\/\/khogiaodienmau.net\/trumtheme\/wp-json\/wp\/v2\/product_brand?post=3103"},{"taxonomy":"product_cat","embeddable":true,"href":"https:\/\/khogiaodienmau.net\/trumtheme\/wp-json\/wp\/v2\/product_cat?post=3103"},{"taxonomy":"product_tag","embeddable":true,"href":"https:\/\/khogiaodienmau.net\/trumtheme\/wp-json\/wp\/v2\/product_tag?post=3103"}],"curies":[{"name":"wp","href":"https:\/\/api.w.org\/{rel}","templated":true}]}}