{"id":3093,"date":"2023-07-06T11:00:13","date_gmt":"2023-07-06T11:00:13","guid":{"rendered":"https:\/\/khogiaodienmau.net\/trumtheme\/?post_type=product&#038;p=3093"},"modified":"2023-07-06T11:00:58","modified_gmt":"2023-07-06T11:00:58","slug":"theme-wordpress-in-an-5","status":"publish","type":"product","link":"https:\/\/khogiaodienmau.net\/trumtheme\/themes\/theme-wordpress-in-an-5\/","title":{"rendered":"Theme WordPress in \u1ea5n 5"},"content":{"rendered":"","protected":false},"excerpt":{"rendered":"<p>Theme In \u1ea5n 5 t\u00edch h\u1ee3p c\u00e1c t\u00ednh n\u0103ng gi\u00fap b\u1ea1n tr\u00ecnh b\u00e0y v\u00e0 gi\u1edbi thi\u1ec7u s\u1ea3n ph\u1ea9m in \u1ea5n m\u1ed9t c\u00e1ch chuy\u00ean nghi\u1ec7p. B\u1ea1n c\u00f3 th\u1ec3 hi\u1ec3n th\u1ecb danh m\u1ee5c s\u1ea3n ph\u1ea9m, th\u00f4ng tin chi ti\u1ebft, h\u00ecnh \u1ea3nh v\u00e0 m\u1eabu thi\u1ebft k\u1ebf \u0111\u1ec3 kh\u00e1ch h\u00e0ng c\u00f3 th\u1ec3 xem v\u00e0 l\u1ef1a ch\u1ecdn d\u1ec5 d\u00e0ng<\/p>\n","protected":false},"featured_media":3094,"comment_status":"open","ping_status":"closed","template":"","meta":[],"product_brand":[],"product_cat":[46,109,26,57],"product_tag":[],"class_list":{"0":"post-3093","1":"product","2":"type-product","3":"status-publish","4":"has-post-thumbnail","6":"product_cat-theme-hot","7":"product_cat-theme-in-an","8":"product_cat-theme-wordpress-ban-hang","9":"product_cat-theme-wordpress-dich-vu","11":"first","12":"instock","13":"sale","14":"downloadable","15":"shipping-taxable","16":"purchasable","17":"product-type-simple"},"acf":[],"_links":{"self":[{"href":"https:\/\/khogiaodienmau.net\/trumtheme\/wp-json\/wp\/v2\/product\/3093"}],"collection":[{"href":"https:\/\/khogiaodienmau.net\/trumtheme\/wp-json\/wp\/v2\/product"}],"about":[{"href":"https:\/\/khogiaodienmau.net\/trumtheme\/wp-json\/wp\/v2\/types\/product"}],"replies":[{"embeddable":true,"href":"https:\/\/khogiaodienmau.net\/trumtheme\/wp-json\/wp\/v2\/comments?post=3093"}],"wp:featuredmedia":[{"embeddable":true,"href":"https:\/\/khogiaodienmau.net\/trumtheme\/wp-json\/wp\/v2\/media\/3094"}],"wp:attachment":[{"href":"https:\/\/khogiaodienmau.net\/trumtheme\/wp-json\/wp\/v2\/media?parent=3093"}],"wp:term":[{"taxonomy":"product_brand","embeddable":true,"href":"https:\/\/khogiaodienmau.net\/trumtheme\/wp-json\/wp\/v2\/product_brand?post=3093"},{"taxonomy":"product_cat","embeddable":true,"href":"https:\/\/khogiaodienmau.net\/trumtheme\/wp-json\/wp\/v2\/product_cat?post=3093"},{"taxonomy":"product_tag","embeddable":true,"href":"https:\/\/khogiaodienmau.net\/trumtheme\/wp-json\/wp\/v2\/product_tag?post=3093"}],"curies":[{"name":"wp","href":"https:\/\/api.w.org\/{rel}","templated":true}]}}