{"id":3091,"date":"2023-07-06T10:58:59","date_gmt":"2023-07-06T10:58:59","guid":{"rendered":"https:\/\/khogiaodienmau.net\/trumtheme\/?post_type=product&#038;p=3091"},"modified":"2023-07-06T10:58:59","modified_gmt":"2023-07-06T10:58:59","slug":"theme-wordpress-in-an-6","status":"publish","type":"product","link":"https:\/\/khogiaodienmau.net\/trumtheme\/themes\/theme-wordpress-in-an-6\/","title":{"rendered":"Theme WordPress in \u1ea5n 6"},"content":{"rendered":"","protected":false},"excerpt":{"rendered":"<p>Theme WordPress In \u1ea5n 6 \u0111\u01b0\u1ee3c thi\u1ebft k\u1ebf v\u1edbi giao di\u1ec7n chuy\u00ean nghi\u1ec7p v\u00e0 tinh t\u1ebf. V\u1edbi c\u1ea5u tr\u00fac b\u1ed1 c\u1ee5c h\u1ee3p l\u00fd, m\u00e0u s\u1eafc trang nh\u00e3 v\u00e0 c\u00e1c ph\u1ea7n t\u1eed thi\u1ebft k\u1ebf tinh t\u1ebf, trang web c\u1ee7a b\u1ea1n s\u1ebd mang \u0111\u1ebfn \u1ea5n t\u01b0\u1ee3ng m\u1ea1nh m\u1ebd v\u00e0 thu h\u00fat s\u1ef1 ch\u00fa \u00fd t\u1eeb kh\u00e1ch h\u00e0ng.<\/p>\n","protected":false},"featured_media":3092,"comment_status":"open","ping_status":"closed","template":"","meta":[],"product_brand":[],"product_cat":[46,109,26,57,50],"product_tag":[],"class_list":{"0":"post-3091","1":"product","2":"type-product","3":"status-publish","4":"has-post-thumbnail","6":"product_cat-theme-hot","7":"product_cat-theme-in-an","8":"product_cat-theme-wordpress-ban-hang","9":"product_cat-theme-wordpress-dich-vu","10":"product_cat-theme-wordpress-gioi-thieu-cong-ty","12":"first","13":"instock","14":"sale","15":"downloadable","16":"shipping-taxable","17":"purchasable","18":"product-type-simple"},"acf":[],"_links":{"self":[{"href":"https:\/\/khogiaodienmau.net\/trumtheme\/wp-json\/wp\/v2\/product\/3091"}],"collection":[{"href":"https:\/\/khogiaodienmau.net\/trumtheme\/wp-json\/wp\/v2\/product"}],"about":[{"href":"https:\/\/khogiaodienmau.net\/trumtheme\/wp-json\/wp\/v2\/types\/product"}],"replies":[{"embeddable":true,"href":"https:\/\/khogiaodienmau.net\/trumtheme\/wp-json\/wp\/v2\/comments?post=3091"}],"wp:featuredmedia":[{"embeddable":true,"href":"https:\/\/khogiaodienmau.net\/trumtheme\/wp-json\/wp\/v2\/media\/3092"}],"wp:attachment":[{"href":"https:\/\/khogiaodienmau.net\/trumtheme\/wp-json\/wp\/v2\/media?parent=3091"}],"wp:term":[{"taxonomy":"product_brand","embeddable":true,"href":"https:\/\/khogiaodienmau.net\/trumtheme\/wp-json\/wp\/v2\/product_brand?post=3091"},{"taxonomy":"product_cat","embeddable":true,"href":"https:\/\/khogiaodienmau.net\/trumtheme\/wp-json\/wp\/v2\/product_cat?post=3091"},{"taxonomy":"product_tag","embeddable":true,"href":"https:\/\/khogiaodienmau.net\/trumtheme\/wp-json\/wp\/v2\/product_tag?post=3091"}],"curies":[{"name":"wp","href":"https:\/\/api.w.org\/{rel}","templated":true}]}}