{"id":3078,"date":"2023-07-06T10:46:43","date_gmt":"2023-07-06T10:46:43","guid":{"rendered":"https:\/\/khogiaodienmau.net\/trumtheme\/?post_type=product&#038;p=3078"},"modified":"2023-07-06T10:47:04","modified_gmt":"2023-07-06T10:47:04","slug":"theme-wordpress-ban-may-loc-nuoc-4","status":"publish","type":"product","link":"https:\/\/khogiaodienmau.net\/trumtheme\/themes\/theme-wordpress-ban-may-loc-nuoc-4\/","title":{"rendered":"Theme WordPress b\u00e1n m\u00e1y l\u1ecdc n\u01b0\u1edbc 4"},"content":{"rendered":"","protected":false},"excerpt":{"rendered":"<p><span data-sheets-value=\"{&quot;1&quot;:2,&quot;2&quot;:&quot;Theme Wordpress b\u00e1n m\u00e1y l\u1ecdc n\u01b0\u1edbc 4&quot;}\" data-sheets-userformat=\"{&quot;2&quot;:513,&quot;3&quot;:{&quot;1&quot;:0},&quot;12&quot;:0}\">Theme Wordpress b\u00e1n m\u00e1y l\u1ecdc n\u01b0\u1edbc 4<\/span> \u0111\u01b0\u1ee3c thi\u1ebft k\u1ebf v\u1edbi giao di\u1ec7n s\u00e1ng s\u1ee7a v\u00e0 t\u01b0\u01a1i m\u1edbi, t\u1ea1o c\u1ea3m gi\u00e1c tinh khi\u1ebft v\u00e0 s\u1ea1ch s\u1ebd cho trang web c\u1ee7a b\u1ea1n. B\u1ea1n c\u00f3 th\u1ec3 t\u00f9y ch\u1ec9nh giao di\u1ec7n \u0111\u1ec3 ph\u00f9 h\u1ee3p v\u1edbi th\u01b0\u01a1ng hi\u1ec7u c\u1ee7a m\u00ecnh, s\u1eed d\u1ee5ng nh\u1eefng m\u00e0u s\u1eafc t\u01b0\u01a1i s\u00e1ng v\u00e0 h\u00ecnh \u1ea3nh ch\u1ea5t l\u01b0\u1ee3ng cao li\u00ean quan \u0111\u1ebfn m\u00e1y l\u1ecdc n\u01b0\u1edbc. Giao di\u1ec7n chuy\u00ean nghi\u1ec7p n\u00e0y s\u1ebd t\u1ea1o ni\u1ec1m tin v\u00e0 s\u1ef1 thu h\u00fat t\u1eeb kh\u00e1ch h\u00e0ng.<\/p>\n","protected":false},"featured_media":3079,"comment_status":"open","ping_status":"closed","template":"","meta":[],"product_brand":[],"product_cat":[46,27,54,50],"product_tag":[],"class_list":{"0":"post-3078","1":"product","2":"type-product","3":"status-publish","4":"has-post-thumbnail","6":"product_cat-theme-hot","7":"product_cat-theme-wordpress-dien-may","8":"product_cat-theme-wordpress-dien-nuoc","9":"product_cat-theme-wordpress-gioi-thieu-cong-ty","11":"first","12":"instock","13":"sale","14":"downloadable","15":"shipping-taxable","16":"purchasable","17":"product-type-simple"},"acf":[],"_links":{"self":[{"href":"https:\/\/khogiaodienmau.net\/trumtheme\/wp-json\/wp\/v2\/product\/3078"}],"collection":[{"href":"https:\/\/khogiaodienmau.net\/trumtheme\/wp-json\/wp\/v2\/product"}],"about":[{"href":"https:\/\/khogiaodienmau.net\/trumtheme\/wp-json\/wp\/v2\/types\/product"}],"replies":[{"embeddable":true,"href":"https:\/\/khogiaodienmau.net\/trumtheme\/wp-json\/wp\/v2\/comments?post=3078"}],"wp:featuredmedia":[{"embeddable":true,"href":"https:\/\/khogiaodienmau.net\/trumtheme\/wp-json\/wp\/v2\/media\/3079"}],"wp:attachment":[{"href":"https:\/\/khogiaodienmau.net\/trumtheme\/wp-json\/wp\/v2\/media?parent=3078"}],"wp:term":[{"taxonomy":"product_brand","embeddable":true,"href":"https:\/\/khogiaodienmau.net\/trumtheme\/wp-json\/wp\/v2\/product_brand?post=3078"},{"taxonomy":"product_cat","embeddable":true,"href":"https:\/\/khogiaodienmau.net\/trumtheme\/wp-json\/wp\/v2\/product_cat?post=3078"},{"taxonomy":"product_tag","embeddable":true,"href":"https:\/\/khogiaodienmau.net\/trumtheme\/wp-json\/wp\/v2\/product_tag?post=3078"}],"curies":[{"name":"wp","href":"https:\/\/api.w.org\/{rel}","templated":true}]}}