{"id":3073,"date":"2023-07-04T07:57:08","date_gmt":"2023-07-04T07:57:08","guid":{"rendered":"https:\/\/khogiaodienmau.net\/trumtheme\/?post_type=product&#038;p=3073"},"modified":"2023-07-04T07:57:46","modified_gmt":"2023-07-04T07:57:46","slug":"theme-wordpress-thuc-pham-25-ban-qua-tang","status":"publish","type":"product","link":"https:\/\/khogiaodienmau.net\/trumtheme\/themes\/theme-wordpress-thuc-pham-25-ban-qua-tang\/","title":{"rendered":"Theme wordpress th\u1ef1c ph\u1ea9m 25 b\u00e1n qu\u00e0 t\u1eb7ng"},"content":{"rendered":"","protected":false},"excerpt":{"rendered":"<p><strong>Theme wordpress Th\u1ef1c ph\u1ea9m 25<\/strong> \u0111\u01b0\u1ee3c thi\u1ebft k\u1ebf v\u1edbi s\u1ef1 t\u1eadp trung v\u00e0o t\u00ednh t\u01b0\u01a1ng t\u00e1c v\u00e0 t\u00ednh tr\u1ef1c quan. B\u1ea1n c\u00f3 th\u1ec3 hi\u1ec3n th\u1ecb danh s\u00e1ch s\u1ea3n ph\u1ea9m th\u1ef1c ph\u1ea9m c\u1ee7a m\u00ecnh v\u1edbi h\u00ecnh \u1ea3nh h\u1ea5p d\u1eabn, th\u00f4ng tin chi ti\u1ebft v\u00e0 \u0111\u00e1nh gi\u00e1 t\u1eeb kh\u00e1ch h\u00e0ng. \u0110i\u1ec1u n\u00e0y gi\u00fap kh\u00e1ch h\u00e0ng d\u1ec5 d\u00e0ng t\u00ecm ki\u1ebfm v\u00e0 ch\u1ecdn l\u1ef1a nh\u1eefng s\u1ea3n ph\u1ea9m m\u00e0 h\u1ecd quan t\u00e2m.<\/p>\n","protected":false},"featured_media":3074,"comment_status":"open","ping_status":"closed","template":"","meta":[],"product_brand":[],"product_cat":[26,32,60],"product_tag":[],"class_list":{"0":"post-3073","1":"product","2":"type-product","3":"status-publish","4":"has-post-thumbnail","6":"product_cat-theme-wordpress-ban-hang","7":"product_cat-theme-wordpress-thuc-pham","8":"product_cat-theme-wordpress-thuc-pham-chuc-nang","10":"first","11":"instock","12":"sale","13":"downloadable","14":"shipping-taxable","15":"purchasable","16":"product-type-simple"},"acf":[],"_links":{"self":[{"href":"https:\/\/khogiaodienmau.net\/trumtheme\/wp-json\/wp\/v2\/product\/3073"}],"collection":[{"href":"https:\/\/khogiaodienmau.net\/trumtheme\/wp-json\/wp\/v2\/product"}],"about":[{"href":"https:\/\/khogiaodienmau.net\/trumtheme\/wp-json\/wp\/v2\/types\/product"}],"replies":[{"embeddable":true,"href":"https:\/\/khogiaodienmau.net\/trumtheme\/wp-json\/wp\/v2\/comments?post=3073"}],"wp:featuredmedia":[{"embeddable":true,"href":"https:\/\/khogiaodienmau.net\/trumtheme\/wp-json\/wp\/v2\/media\/3074"}],"wp:attachment":[{"href":"https:\/\/khogiaodienmau.net\/trumtheme\/wp-json\/wp\/v2\/media?parent=3073"}],"wp:term":[{"taxonomy":"product_brand","embeddable":true,"href":"https:\/\/khogiaodienmau.net\/trumtheme\/wp-json\/wp\/v2\/product_brand?post=3073"},{"taxonomy":"product_cat","embeddable":true,"href":"https:\/\/khogiaodienmau.net\/trumtheme\/wp-json\/wp\/v2\/product_cat?post=3073"},{"taxonomy":"product_tag","embeddable":true,"href":"https:\/\/khogiaodienmau.net\/trumtheme\/wp-json\/wp\/v2\/product_tag?post=3073"}],"curies":[{"name":"wp","href":"https:\/\/api.w.org\/{rel}","templated":true}]}}