{"id":3071,"date":"2023-07-04T07:52:32","date_gmt":"2023-07-04T07:52:32","guid":{"rendered":"https:\/\/khogiaodienmau.net\/trumtheme\/?post_type=product&#038;p=3071"},"modified":"2023-07-04T07:52:32","modified_gmt":"2023-07-04T07:52:32","slug":"theme-wordpress-thuc-pham-24-ban-hoa-nghe-tay","status":"publish","type":"product","link":"https:\/\/khogiaodienmau.net\/trumtheme\/themes\/theme-wordpress-thuc-pham-24-ban-hoa-nghe-tay\/","title":{"rendered":"Theme wordpress th\u1ef1c ph\u1ea9m 24 b\u00e1n hoa ngh\u1ec7 t\u00e2y"},"content":{"rendered":"","protected":false},"excerpt":{"rendered":"<p>Theme wordpress th\u1ef1c ph\u1ea9m 24 b\u00e1n hoa ngh\u1ec7 t\u00e2y \u0111\u01b0\u1ee3c t\u1ed1i \u01b0u h\u00f3a cho tr\u1ea3i nghi\u1ec7m ng\u01b0\u1eddi d\u00f9ng tuy\u1ec7t v\u1eddi. V\u1edbi giao di\u1ec7n th\u00e2n thi\u1ec7n v\u00e0 d\u1ec5 s\u1eed d\u1ee5ng, kh\u00e1ch h\u00e0ng s\u1ebd d\u1ec5 d\u00e0ng t\u00ecm ki\u1ebfm v\u00e0 mua c\u00e1c s\u1ea3n ph\u1ea9m th\u1ef1c ph\u1ea9m t\u1eeb trang web c\u1ee7a b\u1ea1n. B\u1ea1n c\u00f3 th\u1ec3 hi\u1ec3n th\u1ecb danh s\u00e1ch c\u00e1c s\u1ea3n ph\u1ea9m theo danh m\u1ee5c, \u0111\u1eb7c \u0111i\u1ec3m, gi\u00e1 c\u1ea3 v\u00e0 c\u00e1c y\u1ebfu t\u1ed1 kh\u00e1c \u0111\u1ec3 kh\u00e1ch h\u00e0ng c\u00f3 th\u1ec3 t\u00ecm th\u1ea5y d\u1ec5 d\u00e0ng nh\u1eefng s\u1ea3n ph\u1ea9m m\u00e0 h\u1ecd quan t\u00e2m.<\/p>\n","protected":false},"featured_media":3072,"comment_status":"open","ping_status":"closed","template":"","meta":[],"product_brand":[],"product_cat":[46,26,32,60],"product_tag":[],"class_list":{"0":"post-3071","1":"product","2":"type-product","3":"status-publish","4":"has-post-thumbnail","6":"product_cat-theme-hot","7":"product_cat-theme-wordpress-ban-hang","8":"product_cat-theme-wordpress-thuc-pham","9":"product_cat-theme-wordpress-thuc-pham-chuc-nang","11":"first","12":"instock","13":"sale","14":"downloadable","15":"shipping-taxable","16":"purchasable","17":"product-type-simple"},"acf":[],"_links":{"self":[{"href":"https:\/\/khogiaodienmau.net\/trumtheme\/wp-json\/wp\/v2\/product\/3071"}],"collection":[{"href":"https:\/\/khogiaodienmau.net\/trumtheme\/wp-json\/wp\/v2\/product"}],"about":[{"href":"https:\/\/khogiaodienmau.net\/trumtheme\/wp-json\/wp\/v2\/types\/product"}],"replies":[{"embeddable":true,"href":"https:\/\/khogiaodienmau.net\/trumtheme\/wp-json\/wp\/v2\/comments?post=3071"}],"wp:featuredmedia":[{"embeddable":true,"href":"https:\/\/khogiaodienmau.net\/trumtheme\/wp-json\/wp\/v2\/media\/3072"}],"wp:attachment":[{"href":"https:\/\/khogiaodienmau.net\/trumtheme\/wp-json\/wp\/v2\/media?parent=3071"}],"wp:term":[{"taxonomy":"product_brand","embeddable":true,"href":"https:\/\/khogiaodienmau.net\/trumtheme\/wp-json\/wp\/v2\/product_brand?post=3071"},{"taxonomy":"product_cat","embeddable":true,"href":"https:\/\/khogiaodienmau.net\/trumtheme\/wp-json\/wp\/v2\/product_cat?post=3071"},{"taxonomy":"product_tag","embeddable":true,"href":"https:\/\/khogiaodienmau.net\/trumtheme\/wp-json\/wp\/v2\/product_tag?post=3071"}],"curies":[{"name":"wp","href":"https:\/\/api.w.org\/{rel}","templated":true}]}}