{"id":3067,"date":"2023-07-04T07:43:13","date_gmt":"2023-07-04T07:43:13","guid":{"rendered":"https:\/\/khogiaodienmau.net\/trumtheme\/?post_type=product&#038;p=3067"},"modified":"2023-07-04T07:44:05","modified_gmt":"2023-07-04T07:44:05","slug":"theme-wordpress-shop-thoi-trang-quan-ao-nam-13","status":"publish","type":"product","link":"https:\/\/khogiaodienmau.net\/trumtheme\/themes\/theme-wordpress-shop-thoi-trang-quan-ao-nam-13\/","title":{"rendered":"Theme wordpress shop th\u1eddi trang qu\u1ea7n \u00e1o nam 13"},"content":{"rendered":"","protected":false},"excerpt":{"rendered":"<p>Theme WordPress Shop Th\u1eddi Trang Qu\u1ea7n \u00c1o Nam 13 \u0111\u01b0\u1ee3c thi\u1ebft k\u1ebf v\u1edbi giao di\u1ec7n hi\u1ec7n \u0111\u1ea1i, nam t\u00ednh v\u00e0 th\u00e2n thi\u1ec7n v\u1edbi ng\u01b0\u1eddi d\u00f9ng. B\u1ea1n c\u00f3 th\u1ec3 hi\u1ec3n th\u1ecb danh s\u00e1ch c\u00e1c s\u1ea3n ph\u1ea9m th\u1eddi trang qu\u1ea7n \u00e1o nam, bao g\u1ed3m \u00e1o s\u01a1 mi, \u00e1o kho\u00e1c, qu\u1ea7n jeans, qu\u1ea7n shorts v\u00e0 nhi\u1ec1u lo\u1ea1i ph\u1ee5 ki\u1ec7n kh\u00e1c, c\u00f9ng v\u1edbi th\u00f4ng tin chi ti\u1ebft v\u1ec1 t\u1eebng s\u1ea3n ph\u1ea9m, h\u00ecnh \u1ea3nh ch\u1ea5t l\u01b0\u1ee3ng cao v\u00e0 \u0111\u00e1nh gi\u00e1 t\u1eeb kh\u00e1ch h\u00e0ng.<\/p>\n","protected":false},"featured_media":3068,"comment_status":"open","ping_status":"closed","template":"","meta":[],"product_brand":[],"product_cat":[46,35],"product_tag":[],"class_list":{"0":"post-3067","1":"product","2":"type-product","3":"status-publish","4":"has-post-thumbnail","6":"product_cat-theme-hot","7":"product_cat-theme-wordpress-thoi-trang","9":"first","10":"instock","11":"sale","12":"downloadable","13":"shipping-taxable","14":"purchasable","15":"product-type-simple"},"acf":[],"_links":{"self":[{"href":"https:\/\/khogiaodienmau.net\/trumtheme\/wp-json\/wp\/v2\/product\/3067"}],"collection":[{"href":"https:\/\/khogiaodienmau.net\/trumtheme\/wp-json\/wp\/v2\/product"}],"about":[{"href":"https:\/\/khogiaodienmau.net\/trumtheme\/wp-json\/wp\/v2\/types\/product"}],"replies":[{"embeddable":true,"href":"https:\/\/khogiaodienmau.net\/trumtheme\/wp-json\/wp\/v2\/comments?post=3067"}],"wp:featuredmedia":[{"embeddable":true,"href":"https:\/\/khogiaodienmau.net\/trumtheme\/wp-json\/wp\/v2\/media\/3068"}],"wp:attachment":[{"href":"https:\/\/khogiaodienmau.net\/trumtheme\/wp-json\/wp\/v2\/media?parent=3067"}],"wp:term":[{"taxonomy":"product_brand","embeddable":true,"href":"https:\/\/khogiaodienmau.net\/trumtheme\/wp-json\/wp\/v2\/product_brand?post=3067"},{"taxonomy":"product_cat","embeddable":true,"href":"https:\/\/khogiaodienmau.net\/trumtheme\/wp-json\/wp\/v2\/product_cat?post=3067"},{"taxonomy":"product_tag","embeddable":true,"href":"https:\/\/khogiaodienmau.net\/trumtheme\/wp-json\/wp\/v2\/product_tag?post=3067"}],"curies":[{"name":"wp","href":"https:\/\/api.w.org\/{rel}","templated":true}]}}