{"id":3058,"date":"2023-07-04T07:18:00","date_gmt":"2023-07-04T07:18:00","guid":{"rendered":"https:\/\/khogiaodienmau.net\/trumtheme\/?post_type=product&#038;p=3058"},"modified":"2023-10-10T09:17:46","modified_gmt":"2023-10-10T09:17:46","slug":"theme-wordpress-spa-11","status":"publish","type":"product","link":"https:\/\/khogiaodienmau.net\/trumtheme\/themes\/theme-wordpress-spa-11\/","title":{"rendered":"Theme wordpress spa 11"},"content":{"rendered":"","protected":false},"excerpt":{"rendered":"<p>Theme WordPress Spa 11 \u0111\u01b0\u1ee3c thi\u1ebft k\u1ebf v\u1edbi giao di\u1ec7n tinh t\u1ebf, thanh l\u1ecbch v\u00e0 th\u01b0 gi\u00e3n. B\u1ea1n c\u00f3 th\u1ec3 hi\u1ec3n th\u1ecb c\u00e1c d\u1ecbch v\u1ee5 spa, li\u1ec7u ph\u00e1p ch\u0103m s\u00f3c da, l\u00e0m \u0111\u1eb9p, masage v\u00e0 c\u00e1c g\u00f3i d\u1ecbch v\u1ee5 kh\u00e1c, c\u00f9ng v\u1edbi th\u00f4ng tin chi ti\u1ebft v\u1ec1 t\u1eebng d\u1ecbch v\u1ee5 v\u00e0 gi\u00e1 c\u1ea3.<\/p>\n","protected":false},"featured_media":3061,"comment_status":"open","ping_status":"closed","template":"","meta":[],"product_brand":[],"product_cat":[57,50,36,42],"product_tag":[],"class_list":{"0":"post-3058","1":"product","2":"type-product","3":"status-publish","4":"has-post-thumbnail","6":"product_cat-theme-wordpress-dich-vu","7":"product_cat-theme-wordpress-gioi-thieu-cong-ty","8":"product_cat-theme-wordpress-my-pham","9":"product_cat-theme-wordpress-spa","11":"first","12":"instock","13":"sale","14":"downloadable","15":"shipping-taxable","16":"purchasable","17":"product-type-simple"},"acf":[],"_links":{"self":[{"href":"https:\/\/khogiaodienmau.net\/trumtheme\/wp-json\/wp\/v2\/product\/3058"}],"collection":[{"href":"https:\/\/khogiaodienmau.net\/trumtheme\/wp-json\/wp\/v2\/product"}],"about":[{"href":"https:\/\/khogiaodienmau.net\/trumtheme\/wp-json\/wp\/v2\/types\/product"}],"replies":[{"embeddable":true,"href":"https:\/\/khogiaodienmau.net\/trumtheme\/wp-json\/wp\/v2\/comments?post=3058"}],"wp:featuredmedia":[{"embeddable":true,"href":"https:\/\/khogiaodienmau.net\/trumtheme\/wp-json\/wp\/v2\/media\/3061"}],"wp:attachment":[{"href":"https:\/\/khogiaodienmau.net\/trumtheme\/wp-json\/wp\/v2\/media?parent=3058"}],"wp:term":[{"taxonomy":"product_brand","embeddable":true,"href":"https:\/\/khogiaodienmau.net\/trumtheme\/wp-json\/wp\/v2\/product_brand?post=3058"},{"taxonomy":"product_cat","embeddable":true,"href":"https:\/\/khogiaodienmau.net\/trumtheme\/wp-json\/wp\/v2\/product_cat?post=3058"},{"taxonomy":"product_tag","embeddable":true,"href":"https:\/\/khogiaodienmau.net\/trumtheme\/wp-json\/wp\/v2\/product_tag?post=3058"}],"curies":[{"name":"wp","href":"https:\/\/api.w.org\/{rel}","templated":true}]}}