{"id":3054,"date":"2023-07-04T07:10:49","date_gmt":"2023-07-04T07:10:49","guid":{"rendered":"https:\/\/khogiaodienmau.net\/trumtheme\/?post_type=product&#038;p=3054"},"modified":"2023-07-04T07:10:49","modified_gmt":"2023-07-04T07:10:49","slug":"theme-wordpress-shop-cong-nghe-dien-may","status":"publish","type":"product","link":"https:\/\/khogiaodienmau.net\/trumtheme\/themes\/theme-wordpress-shop-cong-nghe-dien-may\/","title":{"rendered":"Theme wordpress shop c\u00f4ng ngh\u1ec7 \u0111i\u1ec7n m\u00e1y"},"content":{"rendered":"","protected":false},"excerpt":{"rendered":"<p>Theme WordPress Shop C\u00f4ng Ngh\u1ec7 \u0110i\u1ec7n M\u00e1y \u0111\u01b0\u1ee3c thi\u1ebft k\u1ebf v\u1edbi giao di\u1ec7n hi\u1ec7n \u0111\u1ea1i, s\u00e1ng t\u1ea1o v\u00e0 th\u00e2n thi\u1ec7n v\u1edbi ng\u01b0\u1eddi d\u00f9ng. B\u1ea1n c\u00f3 th\u1ec3 hi\u1ec3n th\u1ecb danh s\u00e1ch c\u00e1c s\u1ea3n ph\u1ea9m c\u00f4ng ngh\u1ec7 v\u00e0 \u0111i\u1ec7n m\u00e1y, k\u00e8m theo th\u00f4ng tin chi ti\u1ebft v\u1ec1 t\u1eebng s\u1ea3n ph\u1ea9m, bao g\u1ed3m m\u00f4 t\u1ea3, \u0111\u1eb7c \u0111i\u1ec3m k\u1ef9 thu\u1eadt v\u00e0 gi\u00e1 c\u1ea3.<\/p>\n","protected":false},"featured_media":3055,"comment_status":"open","ping_status":"closed","template":"","meta":[],"product_brand":[],"product_cat":[46,26,27],"product_tag":[],"class_list":{"0":"post-3054","1":"product","2":"type-product","3":"status-publish","4":"has-post-thumbnail","6":"product_cat-theme-hot","7":"product_cat-theme-wordpress-ban-hang","8":"product_cat-theme-wordpress-dien-may","10":"first","11":"instock","12":"sale","13":"downloadable","14":"shipping-taxable","15":"purchasable","16":"product-type-simple"},"acf":[],"_links":{"self":[{"href":"https:\/\/khogiaodienmau.net\/trumtheme\/wp-json\/wp\/v2\/product\/3054"}],"collection":[{"href":"https:\/\/khogiaodienmau.net\/trumtheme\/wp-json\/wp\/v2\/product"}],"about":[{"href":"https:\/\/khogiaodienmau.net\/trumtheme\/wp-json\/wp\/v2\/types\/product"}],"replies":[{"embeddable":true,"href":"https:\/\/khogiaodienmau.net\/trumtheme\/wp-json\/wp\/v2\/comments?post=3054"}],"wp:featuredmedia":[{"embeddable":true,"href":"https:\/\/khogiaodienmau.net\/trumtheme\/wp-json\/wp\/v2\/media\/3055"}],"wp:attachment":[{"href":"https:\/\/khogiaodienmau.net\/trumtheme\/wp-json\/wp\/v2\/media?parent=3054"}],"wp:term":[{"taxonomy":"product_brand","embeddable":true,"href":"https:\/\/khogiaodienmau.net\/trumtheme\/wp-json\/wp\/v2\/product_brand?post=3054"},{"taxonomy":"product_cat","embeddable":true,"href":"https:\/\/khogiaodienmau.net\/trumtheme\/wp-json\/wp\/v2\/product_cat?post=3054"},{"taxonomy":"product_tag","embeddable":true,"href":"https:\/\/khogiaodienmau.net\/trumtheme\/wp-json\/wp\/v2\/product_tag?post=3054"}],"curies":[{"name":"wp","href":"https:\/\/api.w.org\/{rel}","templated":true}]}}