{"id":3052,"date":"2023-07-04T07:05:24","date_gmt":"2023-07-04T07:05:24","guid":{"rendered":"https:\/\/khogiaodienmau.net\/trumtheme\/?post_type=product&#038;p=3052"},"modified":"2023-08-21T16:05:18","modified_gmt":"2023-08-21T16:05:18","slug":"theme-wordpress-ban-hosting-may-chu-vps","status":"publish","type":"product","link":"https:\/\/khogiaodienmau.net\/trumtheme\/themes\/theme-wordpress-ban-hosting-may-chu-vps\/","title":{"rendered":"Theme wordpress b\u00e1n hosting ,m\u00e1y ch\u1ee7 vps"},"content":{"rendered":"","protected":false},"excerpt":{"rendered":"<p>Theme WordPress B\u00e1n Hosting &amp; M\u00e1y Ch\u1ee7 VPS \u0111\u01b0\u1ee3c thi\u1ebft k\u1ebf v\u1edbi giao di\u1ec7n hi\u1ec7n \u0111\u1ea1i, s\u00e1ng t\u1ea1o v\u00e0 th\u00e2n thi\u1ec7n v\u1edbi ng\u01b0\u1eddi d\u00f9ng. B\u1ea1n c\u00f3 th\u1ec3 hi\u1ec3n th\u1ecb danh s\u00e1ch c\u00e1c g\u00f3i hosting v\u00e0 m\u00e1y ch\u1ee7 VPS, k\u00e8m theo c\u00e1c t\u00ednh n\u0103ng v\u00e0 th\u00f4ng tin chi ti\u1ebft v\u1ec1 t\u1eebng g\u00f3i.<\/p>\n","protected":false},"featured_media":3053,"comment_status":"open","ping_status":"closed","template":"","meta":[],"product_brand":[],"product_cat":[80,46,57,50],"product_tag":[],"class_list":{"0":"post-3052","1":"product","2":"type-product","3":"status-publish","4":"has-post-thumbnail","6":"product_cat-nha-mang-vien-thong","7":"product_cat-theme-hot","8":"product_cat-theme-wordpress-dich-vu","9":"product_cat-theme-wordpress-gioi-thieu-cong-ty","11":"first","12":"instock","13":"sale","14":"downloadable","15":"shipping-taxable","16":"purchasable","17":"product-type-simple"},"acf":[],"_links":{"self":[{"href":"https:\/\/khogiaodienmau.net\/trumtheme\/wp-json\/wp\/v2\/product\/3052"}],"collection":[{"href":"https:\/\/khogiaodienmau.net\/trumtheme\/wp-json\/wp\/v2\/product"}],"about":[{"href":"https:\/\/khogiaodienmau.net\/trumtheme\/wp-json\/wp\/v2\/types\/product"}],"replies":[{"embeddable":true,"href":"https:\/\/khogiaodienmau.net\/trumtheme\/wp-json\/wp\/v2\/comments?post=3052"}],"wp:featuredmedia":[{"embeddable":true,"href":"https:\/\/khogiaodienmau.net\/trumtheme\/wp-json\/wp\/v2\/media\/3053"}],"wp:attachment":[{"href":"https:\/\/khogiaodienmau.net\/trumtheme\/wp-json\/wp\/v2\/media?parent=3052"}],"wp:term":[{"taxonomy":"product_brand","embeddable":true,"href":"https:\/\/khogiaodienmau.net\/trumtheme\/wp-json\/wp\/v2\/product_brand?post=3052"},{"taxonomy":"product_cat","embeddable":true,"href":"https:\/\/khogiaodienmau.net\/trumtheme\/wp-json\/wp\/v2\/product_cat?post=3052"},{"taxonomy":"product_tag","embeddable":true,"href":"https:\/\/khogiaodienmau.net\/trumtheme\/wp-json\/wp\/v2\/product_tag?post=3052"}],"curies":[{"name":"wp","href":"https:\/\/api.w.org\/{rel}","templated":true}]}}