{"id":3050,"date":"2023-07-08T07:02:28","date_gmt":"2023-07-08T07:02:28","guid":{"rendered":"https:\/\/khogiaodienmau.net\/trumtheme\/?post_type=product&#038;p=3050"},"modified":"2023-11-07T15:58:52","modified_gmt":"2023-11-07T15:58:52","slug":"theme-wordpress-cong-ty-marketing-online-chuyen-doi-so-2","status":"publish","type":"product","link":"https:\/\/khogiaodienmau.net\/trumtheme\/themes\/theme-wordpress-cong-ty-marketing-online-chuyen-doi-so-2\/","title":{"rendered":"Theme WordPress C\u00f4ng Ty Marketing Online ,chuy\u1ec3n \u0111\u1ed5i s\u1ed1 2"},"content":{"rendered":"","protected":false},"excerpt":{"rendered":"<p>Theme WordPress C\u00f4ng Ty Marketing Online &amp; Chuy\u1ec3n \u0110\u1ed5i S\u1ed1 2 cung c\u1ea5p c\u00e1c t\u00ednh n\u0103ng li\u00ean h\u1ec7 v\u00e0 t\u01b0\u01a1ng t\u00e1c \u0111\u1ec3 t\u1ea1o s\u1ef1 k\u1ebft n\u1ed1i v\u1edbi kh\u00e1ch h\u00e0ng. B\u1ea1n c\u00f3 th\u1ec3 t\u00edch h\u1ee3p bi\u1ec3u m\u1eabu li\u00ean h\u1ec7, y\u00eau c\u1ea7u t\u01b0 v\u1ea5n v\u00e0 t\u1ea1o c\u00e1c k\u00eanh giao ti\u1ebfp tr\u1ef1c ti\u1ebfp nh\u01b0 chat tr\u1ef1c tuy\u1ebfn \u0111\u1ec3 kh\u00e1ch h\u00e0ng d\u1ec5 d\u00e0ng li\u00ean h\u1ec7 v\u00e0 t\u00ecm hi\u1ec3u th\u00eam v\u1ec1 d\u1ecbch v\u1ee5 c\u1ee7a b\u1ea1n.<\/p>\n","protected":false},"featured_media":3051,"comment_status":"open","ping_status":"closed","template":"","meta":[],"product_brand":[],"product_cat":[46,38,92,57],"product_tag":[97],"class_list":{"0":"post-3050","1":"product","2":"type-product","3":"status-publish","4":"has-post-thumbnail","6":"product_cat-theme-hot","7":"product_cat-theme-wordpress-cong-ty-marketing","8":"product_cat-theme-wordpress-cong-ty-thiet-ke-web","9":"product_cat-theme-wordpress-dich-vu","10":"product_tag-agency","12":"first","13":"instock","14":"sale","15":"downloadable","16":"shipping-taxable","17":"purchasable","18":"product-type-simple"},"acf":[],"_links":{"self":[{"href":"https:\/\/khogiaodienmau.net\/trumtheme\/wp-json\/wp\/v2\/product\/3050"}],"collection":[{"href":"https:\/\/khogiaodienmau.net\/trumtheme\/wp-json\/wp\/v2\/product"}],"about":[{"href":"https:\/\/khogiaodienmau.net\/trumtheme\/wp-json\/wp\/v2\/types\/product"}],"replies":[{"embeddable":true,"href":"https:\/\/khogiaodienmau.net\/trumtheme\/wp-json\/wp\/v2\/comments?post=3050"}],"wp:featuredmedia":[{"embeddable":true,"href":"https:\/\/khogiaodienmau.net\/trumtheme\/wp-json\/wp\/v2\/media\/3051"}],"wp:attachment":[{"href":"https:\/\/khogiaodienmau.net\/trumtheme\/wp-json\/wp\/v2\/media?parent=3050"}],"wp:term":[{"taxonomy":"product_brand","embeddable":true,"href":"https:\/\/khogiaodienmau.net\/trumtheme\/wp-json\/wp\/v2\/product_brand?post=3050"},{"taxonomy":"product_cat","embeddable":true,"href":"https:\/\/khogiaodienmau.net\/trumtheme\/wp-json\/wp\/v2\/product_cat?post=3050"},{"taxonomy":"product_tag","embeddable":true,"href":"https:\/\/khogiaodienmau.net\/trumtheme\/wp-json\/wp\/v2\/product_tag?post=3050"}],"curies":[{"name":"wp","href":"https:\/\/api.w.org\/{rel}","templated":true}]}}