{"id":3047,"date":"2023-07-08T06:57:57","date_gmt":"2023-07-08T06:57:57","guid":{"rendered":"https:\/\/khogiaodienmau.net\/trumtheme\/?post_type=product&#038;p=3047"},"modified":"2023-07-08T19:28:56","modified_gmt":"2023-07-08T19:28:56","slug":"theme-wordpress-phan-mem-chuyen-doi-so","status":"publish","type":"product","link":"https:\/\/khogiaodienmau.net\/trumtheme\/themes\/theme-wordpress-phan-mem-chuyen-doi-so\/","title":{"rendered":"Theme WordPress Ph\u1ea7n M\u1ec1m Chuy\u1ec3n \u0110\u1ed5i S\u1ed1"},"content":{"rendered":"","protected":false},"excerpt":{"rendered":"<p>Theme WordPress Ph\u1ea7n M\u1ec1m Chuy\u1ec3n \u0110\u1ed5i S\u1ed1 \u0111\u01b0\u1ee3c thi\u1ebft k\u1ebf v\u1edbi giao di\u1ec7n hi\u1ec7n \u0111\u1ea1i v\u00e0 \u0111\u1eb9p m\u1eaft, t\u1ea1o c\u1ea3m gi\u00e1c chuy\u00ean nghi\u1ec7p v\u00e0 c\u00f4ng ngh\u1ec7. B\u1ea1n c\u00f3 th\u1ec3 hi\u1ec3n th\u1ecb danh s\u00e1ch c\u00e1c s\u1ea3n ph\u1ea9m ph\u1ea7n m\u1ec1m chuy\u1ec3n \u0111\u1ed5i s\u1ed1, k\u00e8m theo c\u00e1c th\u00f4ng tin chi ti\u1ebft v\u1ec1 t\u00ednh n\u0103ng, l\u1ee3i \u00edch v\u00e0 c\u00e1ch s\u1eed d\u1ee5ng c\u1ee7a t\u1eebng s\u1ea3n ph\u1ea9m.<\/p>\n","protected":false},"featured_media":3048,"comment_status":"open","ping_status":"closed","template":"","meta":[],"product_brand":[],"product_cat":[46,38,92,57],"product_tag":[],"class_list":{"0":"post-3047","1":"product","2":"type-product","3":"status-publish","4":"has-post-thumbnail","6":"product_cat-theme-hot","7":"product_cat-theme-wordpress-cong-ty-marketing","8":"product_cat-theme-wordpress-cong-ty-thiet-ke-web","9":"product_cat-theme-wordpress-dich-vu","11":"first","12":"instock","13":"sale","14":"downloadable","15":"shipping-taxable","16":"purchasable","17":"product-type-simple"},"acf":[],"_links":{"self":[{"href":"https:\/\/khogiaodienmau.net\/trumtheme\/wp-json\/wp\/v2\/product\/3047"}],"collection":[{"href":"https:\/\/khogiaodienmau.net\/trumtheme\/wp-json\/wp\/v2\/product"}],"about":[{"href":"https:\/\/khogiaodienmau.net\/trumtheme\/wp-json\/wp\/v2\/types\/product"}],"replies":[{"embeddable":true,"href":"https:\/\/khogiaodienmau.net\/trumtheme\/wp-json\/wp\/v2\/comments?post=3047"}],"wp:featuredmedia":[{"embeddable":true,"href":"https:\/\/khogiaodienmau.net\/trumtheme\/wp-json\/wp\/v2\/media\/3048"}],"wp:attachment":[{"href":"https:\/\/khogiaodienmau.net\/trumtheme\/wp-json\/wp\/v2\/media?parent=3047"}],"wp:term":[{"taxonomy":"product_brand","embeddable":true,"href":"https:\/\/khogiaodienmau.net\/trumtheme\/wp-json\/wp\/v2\/product_brand?post=3047"},{"taxonomy":"product_cat","embeddable":true,"href":"https:\/\/khogiaodienmau.net\/trumtheme\/wp-json\/wp\/v2\/product_cat?post=3047"},{"taxonomy":"product_tag","embeddable":true,"href":"https:\/\/khogiaodienmau.net\/trumtheme\/wp-json\/wp\/v2\/product_tag?post=3047"}],"curies":[{"name":"wp","href":"https:\/\/api.w.org\/{rel}","templated":true}]}}