{"id":3045,"date":"2023-06-04T06:54:01","date_gmt":"2023-06-04T06:54:01","guid":{"rendered":"https:\/\/khogiaodienmau.net\/trumtheme\/?post_type=product&#038;p=3045"},"modified":"2023-07-04T07:06:32","modified_gmt":"2023-07-04T07:06:32","slug":"theme-wordpress-son-chong-tham","status":"publish","type":"product","link":"https:\/\/khogiaodienmau.net\/trumtheme\/themes\/theme-wordpress-son-chong-tham\/","title":{"rendered":"Theme wordpress s\u01a1n ch\u1ed1ng th\u1ea5m"},"content":{"rendered":"","protected":false},"excerpt":{"rendered":"<p>Theme WordPress S\u01a1n Ch\u1ed1ng Th\u1ea5m \u0111\u01b0\u1ee3c thi\u1ebft k\u1ebf v\u1edbi giao di\u1ec7n s\u1ea1ch s\u1ebd v\u00e0 chuy\u00ean nghi\u1ec7p, t\u1ea1o c\u1ea3m gi\u00e1c tin c\u1eady v\u00e0 uy t\u00edn cho kh\u00e1ch h\u00e0ng. B\u1ea1n c\u00f3 th\u1ec3 hi\u1ec3n th\u1ecb danh s\u00e1ch c\u00e1c s\u1ea3n ph\u1ea9m s\u01a1n ch\u1ed1ng th\u1ea5m, k\u00e8m theo c\u00e1c th\u00f4ng tin chi ti\u1ebft nh\u01b0 \u0111\u1eb7c t\u00ednh, c\u00f4ng d\u1ee5ng, ph\u01b0\u01a1ng ph\u00e1p s\u1eed d\u1ee5ng v\u00e0 b\u1ea3ng m\u00e0u s\u1eafc.<\/p>\n","protected":false},"featured_media":3046,"comment_status":"open","ping_status":"closed","template":"","meta":[],"product_brand":[],"product_cat":[26,54],"product_tag":[],"class_list":{"0":"post-3045","1":"product","2":"type-product","3":"status-publish","4":"has-post-thumbnail","6":"product_cat-theme-wordpress-ban-hang","7":"product_cat-theme-wordpress-dien-nuoc","9":"first","10":"instock","11":"sale","12":"downloadable","13":"shipping-taxable","14":"purchasable","15":"product-type-simple"},"acf":[],"_links":{"self":[{"href":"https:\/\/khogiaodienmau.net\/trumtheme\/wp-json\/wp\/v2\/product\/3045"}],"collection":[{"href":"https:\/\/khogiaodienmau.net\/trumtheme\/wp-json\/wp\/v2\/product"}],"about":[{"href":"https:\/\/khogiaodienmau.net\/trumtheme\/wp-json\/wp\/v2\/types\/product"}],"replies":[{"embeddable":true,"href":"https:\/\/khogiaodienmau.net\/trumtheme\/wp-json\/wp\/v2\/comments?post=3045"}],"wp:featuredmedia":[{"embeddable":true,"href":"https:\/\/khogiaodienmau.net\/trumtheme\/wp-json\/wp\/v2\/media\/3046"}],"wp:attachment":[{"href":"https:\/\/khogiaodienmau.net\/trumtheme\/wp-json\/wp\/v2\/media?parent=3045"}],"wp:term":[{"taxonomy":"product_brand","embeddable":true,"href":"https:\/\/khogiaodienmau.net\/trumtheme\/wp-json\/wp\/v2\/product_brand?post=3045"},{"taxonomy":"product_cat","embeddable":true,"href":"https:\/\/khogiaodienmau.net\/trumtheme\/wp-json\/wp\/v2\/product_cat?post=3045"},{"taxonomy":"product_tag","embeddable":true,"href":"https:\/\/khogiaodienmau.net\/trumtheme\/wp-json\/wp\/v2\/product_tag?post=3045"}],"curies":[{"name":"wp","href":"https:\/\/api.w.org\/{rel}","templated":true}]}}