{"id":3043,"date":"2023-06-04T06:49:51","date_gmt":"2023-06-04T06:49:51","guid":{"rendered":"https:\/\/khogiaodienmau.net\/trumtheme\/?post_type=product&#038;p=3043"},"modified":"2023-07-04T07:06:37","modified_gmt":"2023-07-04T07:06:37","slug":"theme-wordpress-cay-xanh-3","status":"publish","type":"product","link":"https:\/\/khogiaodienmau.net\/trumtheme\/themes\/theme-wordpress-cay-xanh-3\/","title":{"rendered":"Theme wordpress c\u00e2y xanh 3"},"content":{"rendered":"","protected":false},"excerpt":{"rendered":"<p>Theme WordPress C\u00e2y Xanh 3 \u0111\u01b0\u1ee3c thi\u1ebft k\u1ebf v\u1edbi giao di\u1ec7n th\u00e2n thi\u1ec7n v\u00e0 t\u01b0\u01a1i s\u00e1ng, t\u1ea1o c\u1ea3m gi\u00e1c g\u1ea7n g\u0169i v\u00e0 truy\u1ec1n t\u1ea3i th\u00f4ng \u0111i\u1ec7p v\u1ec1 m\u00f4i tr\u01b0\u1eddng xanh. B\u1ea1n c\u00f3 th\u1ec3 hi\u1ec3n th\u1ecb danh s\u00e1ch c\u00e2y, lo\u00e0i th\u1ef1c v\u1eadt v\u00e0 c\u00f4ng vi\u00ean, k\u00e8m theo c\u00e1c th\u00f4ng tin chi ti\u1ebft v\u1ec1 t\u1eebng lo\u1ea1i, t\u00ednh n\u0103ng v\u00e0 t\u00e1c d\u1ee5ng c\u1ee7a ch\u00fang.<\/p>\n","protected":false},"featured_media":3044,"comment_status":"open","ping_status":"closed","template":"","meta":[],"product_brand":[],"product_cat":[26,57,50],"product_tag":[],"class_list":{"0":"post-3043","1":"product","2":"type-product","3":"status-publish","4":"has-post-thumbnail","6":"product_cat-theme-wordpress-ban-hang","7":"product_cat-theme-wordpress-dich-vu","8":"product_cat-theme-wordpress-gioi-thieu-cong-ty","10":"first","11":"instock","12":"sale","13":"downloadable","14":"shipping-taxable","15":"purchasable","16":"product-type-simple"},"acf":[],"_links":{"self":[{"href":"https:\/\/khogiaodienmau.net\/trumtheme\/wp-json\/wp\/v2\/product\/3043"}],"collection":[{"href":"https:\/\/khogiaodienmau.net\/trumtheme\/wp-json\/wp\/v2\/product"}],"about":[{"href":"https:\/\/khogiaodienmau.net\/trumtheme\/wp-json\/wp\/v2\/types\/product"}],"replies":[{"embeddable":true,"href":"https:\/\/khogiaodienmau.net\/trumtheme\/wp-json\/wp\/v2\/comments?post=3043"}],"wp:featuredmedia":[{"embeddable":true,"href":"https:\/\/khogiaodienmau.net\/trumtheme\/wp-json\/wp\/v2\/media\/3044"}],"wp:attachment":[{"href":"https:\/\/khogiaodienmau.net\/trumtheme\/wp-json\/wp\/v2\/media?parent=3043"}],"wp:term":[{"taxonomy":"product_brand","embeddable":true,"href":"https:\/\/khogiaodienmau.net\/trumtheme\/wp-json\/wp\/v2\/product_brand?post=3043"},{"taxonomy":"product_cat","embeddable":true,"href":"https:\/\/khogiaodienmau.net\/trumtheme\/wp-json\/wp\/v2\/product_cat?post=3043"},{"taxonomy":"product_tag","embeddable":true,"href":"https:\/\/khogiaodienmau.net\/trumtheme\/wp-json\/wp\/v2\/product_tag?post=3043"}],"curies":[{"name":"wp","href":"https:\/\/api.w.org\/{rel}","templated":true}]}}