{"id":3041,"date":"2023-06-04T06:46:38","date_gmt":"2023-06-04T06:46:38","guid":{"rendered":"https:\/\/khogiaodienmau.net\/trumtheme\/?post_type=product&#038;p=3041"},"modified":"2023-07-04T07:06:06","modified_gmt":"2023-07-04T07:06:06","slug":"theme-wordpress-casino-2","status":"publish","type":"product","link":"https:\/\/khogiaodienmau.net\/trumtheme\/themes\/theme-wordpress-casino-2\/","title":{"rendered":"Theme wordpress casino 2"},"content":{"rendered":"","protected":false},"excerpt":{"rendered":"<p>Theme WordPress Casino 2 \u0111\u01b0\u1ee3c thi\u1ebft k\u1ebf v\u1edbi giao di\u1ec7n tinh t\u1ebf v\u00e0 s\u00f4i \u0111\u1ed9ng, mang \u0111\u1ebfn m\u1ed9t kh\u00f4ng gian tr\u1ef1c tuy\u1ebfn gi\u1ed1ng nh\u01b0 m\u1ed9t s\u00f2ng b\u1ea1c th\u1ef1c t\u1ebf. B\u1ea1n c\u00f3 th\u1ec3 hi\u1ec3n th\u1ecb danh s\u00e1ch c\u00e1c tr\u00f2 ch\u01a1i casino phong ph\u00fa nh\u01b0 blackjack, poker, roulette v\u00e0 slot machines, k\u00e8m theo c\u00e1c th\u00f4ng tin chi ti\u1ebft v\u1ec1 c\u00e1ch ch\u01a1i v\u00e0 quy t\u1eafc c\u1ee7a t\u1eebng tr\u00f2.<\/p>\n","protected":false},"featured_media":3042,"comment_status":"open","ping_status":"closed","template":"","meta":[],"product_brand":[],"product_cat":[57,50,31,18],"product_tag":[],"class_list":{"0":"post-3041","1":"product","2":"type-product","3":"status-publish","4":"has-post-thumbnail","6":"product_cat-theme-wordpress-dich-vu","7":"product_cat-theme-wordpress-gioi-thieu-cong-ty","8":"product_cat-theme-wordpress-landing-page","9":"product_cat-theme-wordpress-tin-tuc","11":"first","12":"instock","13":"sale","14":"downloadable","15":"shipping-taxable","16":"purchasable","17":"product-type-simple"},"acf":[],"_links":{"self":[{"href":"https:\/\/khogiaodienmau.net\/trumtheme\/wp-json\/wp\/v2\/product\/3041"}],"collection":[{"href":"https:\/\/khogiaodienmau.net\/trumtheme\/wp-json\/wp\/v2\/product"}],"about":[{"href":"https:\/\/khogiaodienmau.net\/trumtheme\/wp-json\/wp\/v2\/types\/product"}],"replies":[{"embeddable":true,"href":"https:\/\/khogiaodienmau.net\/trumtheme\/wp-json\/wp\/v2\/comments?post=3041"}],"wp:featuredmedia":[{"embeddable":true,"href":"https:\/\/khogiaodienmau.net\/trumtheme\/wp-json\/wp\/v2\/media\/3042"}],"wp:attachment":[{"href":"https:\/\/khogiaodienmau.net\/trumtheme\/wp-json\/wp\/v2\/media?parent=3041"}],"wp:term":[{"taxonomy":"product_brand","embeddable":true,"href":"https:\/\/khogiaodienmau.net\/trumtheme\/wp-json\/wp\/v2\/product_brand?post=3041"},{"taxonomy":"product_cat","embeddable":true,"href":"https:\/\/khogiaodienmau.net\/trumtheme\/wp-json\/wp\/v2\/product_cat?post=3041"},{"taxonomy":"product_tag","embeddable":true,"href":"https:\/\/khogiaodienmau.net\/trumtheme\/wp-json\/wp\/v2\/product_tag?post=3041"}],"curies":[{"name":"wp","href":"https:\/\/api.w.org\/{rel}","templated":true}]}}