{"id":3039,"date":"2023-07-04T06:43:45","date_gmt":"2023-07-04T06:43:45","guid":{"rendered":"https:\/\/khogiaodienmau.net\/trumtheme\/?post_type=product&#038;p=3039"},"modified":"2023-07-04T06:44:15","modified_gmt":"2023-07-04T06:44:15","slug":"theme-wordpress-ban-bon-nuoc","status":"publish","type":"product","link":"https:\/\/khogiaodienmau.net\/trumtheme\/themes\/theme-wordpress-ban-bon-nuoc\/","title":{"rendered":"Theme wordpress b\u00e1n b\u1ed3n n\u01b0\u1edbc"},"content":{"rendered":"","protected":false},"excerpt":{"rendered":"<p>Theme WordPress b\u00e1n b\u1ed3n n\u01b0\u1edbc \u0111\u01b0\u1ee3c thi\u1ebft k\u1ebf v\u1edbi giao di\u1ec7n th\u00e2n thi\u1ec7n v\u00e0 \u0111\u01a1n gi\u1ea3n, gi\u00fap ng\u01b0\u1eddi d\u00f9ng d\u1ec5 d\u00e0ng t\u00ecm hi\u1ec3u v\u00e0 mua c\u00e1c s\u1ea3n ph\u1ea9m b\u1ed3n n\u01b0\u1edbc. B\u1ea1n c\u00f3 th\u1ec3 hi\u1ec3n th\u1ecb danh s\u00e1ch c\u00e1c lo\u1ea1i b\u1ed3n n\u01b0\u1edbc, k\u00e8m theo c\u00e1c th\u00f4ng tin chi ti\u1ebft nh\u01b0 dung t\u00edch, ch\u1ea5t li\u1ec7u, t\u00ednh n\u0103ng v\u00e0 gi\u00e1 c\u1ea3. C\u00e1c h\u00ecnh \u1ea3nh ch\u1ea5t l\u01b0\u1ee3ng cao c\u0169ng c\u00f3 th\u1ec3 \u0111\u01b0\u1ee3c hi\u1ec3n th\u1ecb \u0111\u1ec3 gi\u00fap ng\u01b0\u1eddi d\u00f9ng c\u00f3 c\u00e1i nh\u00ecn tr\u1ef1c quan v\u1ec1 s\u1ea3n ph\u1ea9m.<\/p>\n","protected":false},"featured_media":3040,"comment_status":"open","ping_status":"closed","template":"","meta":[],"product_brand":[],"product_cat":[46,26,39],"product_tag":[],"class_list":{"0":"post-3039","1":"product","2":"type-product","3":"status-publish","4":"has-post-thumbnail","6":"product_cat-theme-hot","7":"product_cat-theme-wordpress-ban-hang","8":"product_cat-theme-wordpress-noi-that","10":"first","11":"instock","12":"sale","13":"downloadable","14":"shipping-taxable","15":"purchasable","16":"product-type-simple"},"acf":[],"_links":{"self":[{"href":"https:\/\/khogiaodienmau.net\/trumtheme\/wp-json\/wp\/v2\/product\/3039"}],"collection":[{"href":"https:\/\/khogiaodienmau.net\/trumtheme\/wp-json\/wp\/v2\/product"}],"about":[{"href":"https:\/\/khogiaodienmau.net\/trumtheme\/wp-json\/wp\/v2\/types\/product"}],"replies":[{"embeddable":true,"href":"https:\/\/khogiaodienmau.net\/trumtheme\/wp-json\/wp\/v2\/comments?post=3039"}],"wp:featuredmedia":[{"embeddable":true,"href":"https:\/\/khogiaodienmau.net\/trumtheme\/wp-json\/wp\/v2\/media\/3040"}],"wp:attachment":[{"href":"https:\/\/khogiaodienmau.net\/trumtheme\/wp-json\/wp\/v2\/media?parent=3039"}],"wp:term":[{"taxonomy":"product_brand","embeddable":true,"href":"https:\/\/khogiaodienmau.net\/trumtheme\/wp-json\/wp\/v2\/product_brand?post=3039"},{"taxonomy":"product_cat","embeddable":true,"href":"https:\/\/khogiaodienmau.net\/trumtheme\/wp-json\/wp\/v2\/product_cat?post=3039"},{"taxonomy":"product_tag","embeddable":true,"href":"https:\/\/khogiaodienmau.net\/trumtheme\/wp-json\/wp\/v2\/product_tag?post=3039"}],"curies":[{"name":"wp","href":"https:\/\/api.w.org\/{rel}","templated":true}]}}