{"id":3035,"date":"2023-07-04T06:37:14","date_gmt":"2023-07-04T06:37:14","guid":{"rendered":"https:\/\/khogiaodienmau.net\/trumtheme\/?post_type=product&#038;p=3035"},"modified":"2023-07-04T06:37:48","modified_gmt":"2023-07-04T06:37:48","slug":"theme-wordpress-lam-bien-quang-cao","status":"publish","type":"product","link":"https:\/\/khogiaodienmau.net\/trumtheme\/themes\/theme-wordpress-lam-bien-quang-cao\/","title":{"rendered":"Theme wordpress l\u00e0m bi\u1ec3n qu\u1ea3ng c\u00e1o"},"content":{"rendered":"","protected":false},"excerpt":{"rendered":"<p>theme WordPress l\u00e0m bi\u1ec3n qu\u1ea3ng c\u00e1o c\u0169ng t\u1ed1i \u01b0u h\u00f3a cho t\u1ed1c \u0111\u1ed9 t\u1ea3i trang nhanh ch\u00f3ng v\u00e0 t\u00edch h\u1ee3p c\u00e1c c\u00f4ng c\u1ee5 SEO \u0111\u1ec3 gi\u00fap b\u1ea1n n\u00e2ng cao s\u1ef1 hi\u1ec3n th\u1ecb c\u1ee7a trang web tr\u00ean c\u00e1c c\u00f4ng c\u1ee5 t\u00ecm ki\u1ebfm. \u0110i\u1ec1u n\u00e0y gi\u00fap b\u1ea1n thu h\u00fat nhi\u1ec1u kh\u00e1ch h\u00e0ng ti\u1ec1m n\u0103ng v\u00e0 t\u0103ng c\u01b0\u1eddng ti\u1ec1m n\u0103ng kinh doanh c\u1ee7a m\u00ecnh.<\/p>\n","protected":false},"featured_media":3036,"comment_status":"open","ping_status":"closed","template":"","meta":[],"product_brand":[],"product_cat":[46,56,57,33],"product_tag":[],"class_list":{"0":"post-3035","1":"product","2":"type-product","3":"status-publish","4":"has-post-thumbnail","6":"product_cat-theme-hot","7":"product_cat-theme-wordpress-co-khi","8":"product_cat-theme-wordpress-dich-vu","9":"product_cat-theme-wordpress-xay-dung","11":"first","12":"instock","13":"sale","14":"downloadable","15":"shipping-taxable","16":"purchasable","17":"product-type-simple"},"acf":[],"_links":{"self":[{"href":"https:\/\/khogiaodienmau.net\/trumtheme\/wp-json\/wp\/v2\/product\/3035"}],"collection":[{"href":"https:\/\/khogiaodienmau.net\/trumtheme\/wp-json\/wp\/v2\/product"}],"about":[{"href":"https:\/\/khogiaodienmau.net\/trumtheme\/wp-json\/wp\/v2\/types\/product"}],"replies":[{"embeddable":true,"href":"https:\/\/khogiaodienmau.net\/trumtheme\/wp-json\/wp\/v2\/comments?post=3035"}],"wp:featuredmedia":[{"embeddable":true,"href":"https:\/\/khogiaodienmau.net\/trumtheme\/wp-json\/wp\/v2\/media\/3036"}],"wp:attachment":[{"href":"https:\/\/khogiaodienmau.net\/trumtheme\/wp-json\/wp\/v2\/media?parent=3035"}],"wp:term":[{"taxonomy":"product_brand","embeddable":true,"href":"https:\/\/khogiaodienmau.net\/trumtheme\/wp-json\/wp\/v2\/product_brand?post=3035"},{"taxonomy":"product_cat","embeddable":true,"href":"https:\/\/khogiaodienmau.net\/trumtheme\/wp-json\/wp\/v2\/product_cat?post=3035"},{"taxonomy":"product_tag","embeddable":true,"href":"https:\/\/khogiaodienmau.net\/trumtheme\/wp-json\/wp\/v2\/product_tag?post=3035"}],"curies":[{"name":"wp","href":"https:\/\/api.w.org\/{rel}","templated":true}]}}