{"id":3033,"date":"2023-07-04T06:31:25","date_gmt":"2023-07-04T06:31:25","guid":{"rendered":"https:\/\/khogiaodienmau.net\/trumtheme\/?post_type=product&#038;p=3033"},"modified":"2023-07-04T06:32:44","modified_gmt":"2023-07-04T06:32:44","slug":"theme-wordpress-bds-regal-ocean-quang-binh","status":"publish","type":"product","link":"https:\/\/khogiaodienmau.net\/trumtheme\/themes\/theme-wordpress-bds-regal-ocean-quang-binh\/","title":{"rendered":"Theme wordpress bds Regal Ocean Qu\u1ea3ng B\u00ecnh"},"content":{"rendered":"","protected":false},"excerpt":{"rendered":"<p>Theme wordpress bds Regal Ocean Qu\u1ea3ng B\u00ecnh kh\u00f4ng ch\u1ec9 l\u00e0 m\u1ed9t giao di\u1ec7n hi\u1ec3n th\u1ecb b\u1ea5t \u0111\u1ed9ng s\u1ea3n, m\u00e0 c\u00f2n cung c\u1ea5p c\u00e1c t\u00ednh n\u0103ng t\u01b0\u01a1ng t\u00e1c v\u00e0 giao ti\u1ebfp \u0111\u1ec3 t\u1ea1o s\u1ef1 k\u1ebft n\u1ed1i v\u1edbi kh\u00e1ch h\u00e0ng. B\u1ea1n c\u00f3 th\u1ec3 t\u00edch h\u1ee3p bi\u1ec3u m\u1eabu li\u00ean h\u1ec7, y\u00eau c\u1ea7u th\u00f4ng tin b\u1ed5 sung v\u00e0 cung c\u1ea5p c\u00e1c ch\u1ee9c n\u0103ng \u0111\u1eb7t l\u1ecbch h\u1eb9n tr\u1ef1c tuy\u1ebfn, gi\u00fap kh\u00e1ch h\u00e0ng d\u1ec5 d\u00e0ng li\u00ean h\u1ec7 v\u00e0 t\u01b0\u01a1ng t\u00e1c v\u1edbi b\u1ea1n.<\/p>\n","protected":false},"featured_media":3034,"comment_status":"open","ping_status":"closed","template":"","meta":[],"product_brand":[],"product_cat":[34,31],"product_tag":[],"class_list":{"0":"post-3033","1":"product","2":"type-product","3":"status-publish","4":"has-post-thumbnail","6":"product_cat-theme-wordpress-bat-dong-san","7":"product_cat-theme-wordpress-landing-page","9":"first","10":"instock","11":"sale","12":"downloadable","13":"shipping-taxable","14":"purchasable","15":"product-type-simple"},"acf":[],"_links":{"self":[{"href":"https:\/\/khogiaodienmau.net\/trumtheme\/wp-json\/wp\/v2\/product\/3033"}],"collection":[{"href":"https:\/\/khogiaodienmau.net\/trumtheme\/wp-json\/wp\/v2\/product"}],"about":[{"href":"https:\/\/khogiaodienmau.net\/trumtheme\/wp-json\/wp\/v2\/types\/product"}],"replies":[{"embeddable":true,"href":"https:\/\/khogiaodienmau.net\/trumtheme\/wp-json\/wp\/v2\/comments?post=3033"}],"wp:featuredmedia":[{"embeddable":true,"href":"https:\/\/khogiaodienmau.net\/trumtheme\/wp-json\/wp\/v2\/media\/3034"}],"wp:attachment":[{"href":"https:\/\/khogiaodienmau.net\/trumtheme\/wp-json\/wp\/v2\/media?parent=3033"}],"wp:term":[{"taxonomy":"product_brand","embeddable":true,"href":"https:\/\/khogiaodienmau.net\/trumtheme\/wp-json\/wp\/v2\/product_brand?post=3033"},{"taxonomy":"product_cat","embeddable":true,"href":"https:\/\/khogiaodienmau.net\/trumtheme\/wp-json\/wp\/v2\/product_cat?post=3033"},{"taxonomy":"product_tag","embeddable":true,"href":"https:\/\/khogiaodienmau.net\/trumtheme\/wp-json\/wp\/v2\/product_tag?post=3033"}],"curies":[{"name":"wp","href":"https:\/\/api.w.org\/{rel}","templated":true}]}}