{"id":3022,"date":"2023-06-04T04:39:14","date_gmt":"2023-06-04T04:39:14","guid":{"rendered":"https:\/\/khogiaodienmau.net\/trumtheme\/?post_type=product&#038;p=3022"},"modified":"2023-07-04T04:45:21","modified_gmt":"2023-07-04T04:45:21","slug":"theme-wordpress-bds-35","status":"publish","type":"product","link":"https:\/\/khogiaodienmau.net\/trumtheme\/themes\/theme-wordpress-bds-35\/","title":{"rendered":"Theme wordpress bds 35"},"content":{"rendered":"","protected":false},"excerpt":{"rendered":"<p>Theme wordpress bds 35 cung c\u1ea5p m\u1ed9t c\u00f4ng c\u1ee5 t\u00ecm ki\u1ebfm th\u00f4ng minh v\u00e0 linh ho\u1ea1t, gi\u00fap kh\u00e1ch h\u00e0ng l\u1ecdc k\u1ebft qu\u1ea3 theo c\u00e1c ti\u00eau ch\u00ed nh\u01b0 gi\u00e1, di\u1ec7n t\u00edch, v\u1ecb tr\u00ed v\u00e0 c\u00e1c y\u1ebfu t\u1ed1 kh\u00e1c. Kh\u00e1ch h\u00e0ng c\u00f3 th\u1ec3 t\u00ecm ki\u1ebfm v\u00e0 l\u1ef1a ch\u1ecdn nh\u1eefng c\u0103n nh\u00e0 ph\u00f9 h\u1ee3p v\u1edbi nhu c\u1ea7u c\u1ee7a m\u00ecnh m\u1ed9t c\u00e1ch d\u1ec5 d\u00e0ng v\u00e0 thu\u1eadn ti\u1ec7n. B\u1ea1n c\u0169ng c\u00f3 th\u1ec3 t\u1ea1o danh m\u1ee5c v\u00e0 thu\u1ed9c t\u00ednh ri\u00eang cho c\u00e1c lo\u1ea1i b\u1ea5t \u0111\u1ed9ng s\u1ea3n, t\u1ea1o s\u1ef1 linh ho\u1ea1t v\u00e0 t\u00f9y ch\u1ec9nh t\u1ed1i \u0111a cho trang web c\u1ee7a b\u1ea1n.<\/p>\n","protected":false},"featured_media":3023,"comment_status":"open","ping_status":"closed","template":"","meta":[],"product_brand":[],"product_cat":[34],"product_tag":[],"class_list":{"0":"post-3022","1":"product","2":"type-product","3":"status-publish","4":"has-post-thumbnail","6":"product_cat-theme-wordpress-bat-dong-san","8":"first","9":"instock","10":"sale","11":"downloadable","12":"shipping-taxable","13":"purchasable","14":"product-type-simple"},"acf":[],"_links":{"self":[{"href":"https:\/\/khogiaodienmau.net\/trumtheme\/wp-json\/wp\/v2\/product\/3022"}],"collection":[{"href":"https:\/\/khogiaodienmau.net\/trumtheme\/wp-json\/wp\/v2\/product"}],"about":[{"href":"https:\/\/khogiaodienmau.net\/trumtheme\/wp-json\/wp\/v2\/types\/product"}],"replies":[{"embeddable":true,"href":"https:\/\/khogiaodienmau.net\/trumtheme\/wp-json\/wp\/v2\/comments?post=3022"}],"wp:featuredmedia":[{"embeddable":true,"href":"https:\/\/khogiaodienmau.net\/trumtheme\/wp-json\/wp\/v2\/media\/3023"}],"wp:attachment":[{"href":"https:\/\/khogiaodienmau.net\/trumtheme\/wp-json\/wp\/v2\/media?parent=3022"}],"wp:term":[{"taxonomy":"product_brand","embeddable":true,"href":"https:\/\/khogiaodienmau.net\/trumtheme\/wp-json\/wp\/v2\/product_brand?post=3022"},{"taxonomy":"product_cat","embeddable":true,"href":"https:\/\/khogiaodienmau.net\/trumtheme\/wp-json\/wp\/v2\/product_cat?post=3022"},{"taxonomy":"product_tag","embeddable":true,"href":"https:\/\/khogiaodienmau.net\/trumtheme\/wp-json\/wp\/v2\/product_tag?post=3022"}],"curies":[{"name":"wp","href":"https:\/\/api.w.org\/{rel}","templated":true}]}}