{"id":3020,"date":"2023-07-04T04:38:20","date_gmt":"2023-07-04T04:38:20","guid":{"rendered":"https:\/\/khogiaodienmau.net\/trumtheme\/?post_type=product&#038;p=3020"},"modified":"2023-07-04T04:38:53","modified_gmt":"2023-07-04T04:38:53","slug":"theme-wordpress-bds-34","status":"publish","type":"product","link":"https:\/\/khogiaodienmau.net\/trumtheme\/themes\/theme-wordpress-bds-34\/","title":{"rendered":"Theme wordpress bds 34"},"content":{"rendered":"","protected":false},"excerpt":{"rendered":"<p>Theme wordpress bds 34 kh\u00f4ng ch\u1ec9 l\u00e0 m\u1ed9t theme tuy\u1ec7t v\u1eddi cho vi\u1ec7c hi\u1ec3n th\u1ecb b\u1ea5t \u0111\u1ed9ng s\u1ea3n, m\u00e0 c\u00f2n cung c\u1ea5p c\u00e1c t\u00ednh n\u0103ng t\u01b0\u01a1ng t\u00e1c v\u00e0 li\u00ean h\u1ec7 \u0111\u1ec3 t\u1ea1o s\u1ef1 k\u1ebft n\u1ed1i v\u1edbi kh\u00e1ch h\u00e0ng. B\u1ea1n c\u00f3 th\u1ec3 t\u00edch h\u1ee3p bi\u1ec3u m\u1eabu li\u00ean h\u1ec7, \u0111\u1eb7t l\u1ecbch h\u1eb9n ho\u1eb7c y\u00eau c\u1ea7u th\u00f4ng tin b\u1ed5 sung t\u1eeb kh\u00e1ch h\u00e0ng. Theme c\u0169ng h\u1ed7 tr\u1ee3 t\u00edch h\u1ee3p c\u00e1c c\u1ed5ng thanh to\u00e1n tr\u1ef1c tuy\u1ebfn, gi\u00fap kh\u00e1ch h\u00e0ng th\u1ef1c hi\u1ec7n c\u00e1c giao d\u1ecbch m\u1ed9t c\u00e1ch d\u1ec5 d\u00e0ng v\u00e0 an to\u00e0n.<\/p>\n","protected":false},"featured_media":3021,"comment_status":"open","ping_status":"closed","template":"","meta":[],"product_brand":[],"product_cat":[46,34],"product_tag":[],"class_list":{"0":"post-3020","1":"product","2":"type-product","3":"status-publish","4":"has-post-thumbnail","6":"product_cat-theme-hot","7":"product_cat-theme-wordpress-bat-dong-san","9":"first","10":"instock","11":"sale","12":"downloadable","13":"shipping-taxable","14":"purchasable","15":"product-type-simple"},"acf":[],"_links":{"self":[{"href":"https:\/\/khogiaodienmau.net\/trumtheme\/wp-json\/wp\/v2\/product\/3020"}],"collection":[{"href":"https:\/\/khogiaodienmau.net\/trumtheme\/wp-json\/wp\/v2\/product"}],"about":[{"href":"https:\/\/khogiaodienmau.net\/trumtheme\/wp-json\/wp\/v2\/types\/product"}],"replies":[{"embeddable":true,"href":"https:\/\/khogiaodienmau.net\/trumtheme\/wp-json\/wp\/v2\/comments?post=3020"}],"wp:featuredmedia":[{"embeddable":true,"href":"https:\/\/khogiaodienmau.net\/trumtheme\/wp-json\/wp\/v2\/media\/3021"}],"wp:attachment":[{"href":"https:\/\/khogiaodienmau.net\/trumtheme\/wp-json\/wp\/v2\/media?parent=3020"}],"wp:term":[{"taxonomy":"product_brand","embeddable":true,"href":"https:\/\/khogiaodienmau.net\/trumtheme\/wp-json\/wp\/v2\/product_brand?post=3020"},{"taxonomy":"product_cat","embeddable":true,"href":"https:\/\/khogiaodienmau.net\/trumtheme\/wp-json\/wp\/v2\/product_cat?post=3020"},{"taxonomy":"product_tag","embeddable":true,"href":"https:\/\/khogiaodienmau.net\/trumtheme\/wp-json\/wp\/v2\/product_tag?post=3020"}],"curies":[{"name":"wp","href":"https:\/\/api.w.org\/{rel}","templated":true}]}}