{"id":3018,"date":"2023-07-04T04:33:53","date_gmt":"2023-07-04T04:33:53","guid":{"rendered":"https:\/\/khogiaodienmau.net\/trumtheme\/?post_type=product&#038;p=3018"},"modified":"2023-07-04T04:35:08","modified_gmt":"2023-07-04T04:35:08","slug":"theme-wordpress-bds-33","status":"publish","type":"product","link":"https:\/\/khogiaodienmau.net\/trumtheme\/themes\/theme-wordpress-bds-33\/","title":{"rendered":"Theme wordpress bds 33"},"content":{"rendered":"","protected":false},"excerpt":{"rendered":"<p>Theme wordpress bds 33 c\u0169ng t\u1ea1o \u0111i\u1ec1u ki\u1ec7n thu\u1eadn l\u1ee3i cho vi\u1ec7c li\u00ean h\u1ec7 v\u00e0 t\u01b0\u01a1ng t\u00e1c v\u1edbi kh\u00e1ch h\u00e0ng. Theme t\u00edch h\u1ee3p t\u00ednh n\u0103ng li\u00ean h\u1ec7 v\u00e0 \u0111\u1eb7t l\u1ecbch h\u1eb9n, cho ph\u00e9p kh\u00e1ch h\u00e0ng g\u1eedi y\u00eau c\u1ea7u ho\u1eb7c \u0111\u1eb7t l\u1ecbch h\u1eb9n tr\u1ef1c tuy\u1ebfn ngay tr\u00ean trang web c\u1ee7a b\u1ea1n. B\u1ea1n c\u0169ng c\u00f3 th\u1ec3 t\u00edch h\u1ee3p c\u00e1c bi\u1ec3u m\u1eabu li\u00ean h\u1ec7 v\u00e0 c\u00e1c c\u1ed5ng thanh to\u00e1n \u0111\u1ec3 kh\u00e1ch h\u00e0ng c\u00f3 th\u1ec3 thanh to\u00e1n ph\u00ed d\u1ecbch v\u1ee5 ho\u1eb7c \u0111\u1eb7t c\u1ecdc tr\u1ef1c tuy\u1ebfn.<\/p>\n","protected":false},"featured_media":3019,"comment_status":"open","ping_status":"closed","template":"","meta":[],"product_brand":[],"product_cat":[34],"product_tag":[],"class_list":{"0":"post-3018","1":"product","2":"type-product","3":"status-publish","4":"has-post-thumbnail","6":"product_cat-theme-wordpress-bat-dong-san","8":"first","9":"instock","10":"sale","11":"downloadable","12":"shipping-taxable","13":"purchasable","14":"product-type-simple"},"acf":[],"_links":{"self":[{"href":"https:\/\/khogiaodienmau.net\/trumtheme\/wp-json\/wp\/v2\/product\/3018"}],"collection":[{"href":"https:\/\/khogiaodienmau.net\/trumtheme\/wp-json\/wp\/v2\/product"}],"about":[{"href":"https:\/\/khogiaodienmau.net\/trumtheme\/wp-json\/wp\/v2\/types\/product"}],"replies":[{"embeddable":true,"href":"https:\/\/khogiaodienmau.net\/trumtheme\/wp-json\/wp\/v2\/comments?post=3018"}],"wp:featuredmedia":[{"embeddable":true,"href":"https:\/\/khogiaodienmau.net\/trumtheme\/wp-json\/wp\/v2\/media\/3019"}],"wp:attachment":[{"href":"https:\/\/khogiaodienmau.net\/trumtheme\/wp-json\/wp\/v2\/media?parent=3018"}],"wp:term":[{"taxonomy":"product_brand","embeddable":true,"href":"https:\/\/khogiaodienmau.net\/trumtheme\/wp-json\/wp\/v2\/product_brand?post=3018"},{"taxonomy":"product_cat","embeddable":true,"href":"https:\/\/khogiaodienmau.net\/trumtheme\/wp-json\/wp\/v2\/product_cat?post=3018"},{"taxonomy":"product_tag","embeddable":true,"href":"https:\/\/khogiaodienmau.net\/trumtheme\/wp-json\/wp\/v2\/product_tag?post=3018"}],"curies":[{"name":"wp","href":"https:\/\/api.w.org\/{rel}","templated":true}]}}