{"id":3016,"date":"2023-07-04T04:30:20","date_gmt":"2023-07-04T04:30:20","guid":{"rendered":"https:\/\/khogiaodienmau.net\/trumtheme\/?post_type=product&#038;p=3016"},"modified":"2023-10-09T04:45:46","modified_gmt":"2023-10-09T04:45:46","slug":"theme-wordpress-nen-tang-quan-tri-doanh-nghiep-base","status":"publish","type":"product","link":"https:\/\/khogiaodienmau.net\/trumtheme\/themes\/theme-wordpress-nen-tang-quan-tri-doanh-nghiep-base\/","title":{"rendered":"Theme wordpress N\u1ec1n t\u1ea3ng qu\u1ea3n tr\u1ecb doanh nghi\u1ec7p base"},"content":{"rendered":"","protected":false},"excerpt":{"rendered":"<p>Theme wordpress N\u1ec1n t\u1ea3ng qu\u1ea3n tr\u1ecb doanh nghi\u1ec7p base cung c\u1ea5p t\u00edch h\u1ee3p m\u1ed9t tr\u00ecnh qu\u1ea3n l\u00fd t\u00e0i li\u1ec7u m\u1ea1nh m\u1ebd, cho ph\u00e9p b\u1ea1n t\u1ea1o, s\u1eafp x\u1ebfp v\u00e0 chia s\u1ebb t\u00e0i li\u1ec7u trong c\u00f4ng ty m\u1ed9t c\u00e1ch an to\u00e0n v\u00e0 d\u1ec5 d\u00e0ng. B\u1ea1n c\u0169ng c\u00f3 th\u1ec3 t\u1ea1o ra c\u00e1c trang th\u00f4ng tin n\u1ed9i b\u1ed9 v\u00e0 h\u01b0\u1edbng d\u1eabn cho nh\u00e2n vi\u00ean c\u1ee7a m\u00ecnh, gi\u00fap t\u0103ng c\u01b0\u1eddng hi\u1ec7u su\u1ea5t l\u00e0m vi\u1ec7c v\u00e0 chia s\u1ebb ki\u1ebfn th\u1ee9c trong t\u1ed5 ch\u1ee9c.<\/p>\n","protected":false},"featured_media":3017,"comment_status":"open","ping_status":"closed","template":"","meta":[],"product_brand":[],"product_cat":[38,92,50],"product_tag":[],"class_list":{"0":"post-3016","1":"product","2":"type-product","3":"status-publish","4":"has-post-thumbnail","6":"product_cat-theme-wordpress-cong-ty-marketing","7":"product_cat-theme-wordpress-cong-ty-thiet-ke-web","8":"product_cat-theme-wordpress-gioi-thieu-cong-ty","10":"first","11":"instock","12":"sale","13":"downloadable","14":"shipping-taxable","15":"purchasable","16":"product-type-simple"},"acf":[],"_links":{"self":[{"href":"https:\/\/khogiaodienmau.net\/trumtheme\/wp-json\/wp\/v2\/product\/3016"}],"collection":[{"href":"https:\/\/khogiaodienmau.net\/trumtheme\/wp-json\/wp\/v2\/product"}],"about":[{"href":"https:\/\/khogiaodienmau.net\/trumtheme\/wp-json\/wp\/v2\/types\/product"}],"replies":[{"embeddable":true,"href":"https:\/\/khogiaodienmau.net\/trumtheme\/wp-json\/wp\/v2\/comments?post=3016"}],"wp:featuredmedia":[{"embeddable":true,"href":"https:\/\/khogiaodienmau.net\/trumtheme\/wp-json\/wp\/v2\/media\/3017"}],"wp:attachment":[{"href":"https:\/\/khogiaodienmau.net\/trumtheme\/wp-json\/wp\/v2\/media?parent=3016"}],"wp:term":[{"taxonomy":"product_brand","embeddable":true,"href":"https:\/\/khogiaodienmau.net\/trumtheme\/wp-json\/wp\/v2\/product_brand?post=3016"},{"taxonomy":"product_cat","embeddable":true,"href":"https:\/\/khogiaodienmau.net\/trumtheme\/wp-json\/wp\/v2\/product_cat?post=3016"},{"taxonomy":"product_tag","embeddable":true,"href":"https:\/\/khogiaodienmau.net\/trumtheme\/wp-json\/wp\/v2\/product_tag?post=3016"}],"curies":[{"name":"wp","href":"https:\/\/api.w.org\/{rel}","templated":true}]}}