{"id":3012,"date":"2023-07-04T04:16:59","date_gmt":"2023-07-04T04:16:59","guid":{"rendered":"https:\/\/khogiaodienmau.net\/trumtheme\/?post_type=product&#038;p=3012"},"modified":"2023-07-04T04:17:37","modified_gmt":"2023-07-04T04:17:37","slug":"theme-wordpress-cho-thue-xe-6","status":"publish","type":"product","link":"https:\/\/khogiaodienmau.net\/trumtheme\/themes\/theme-wordpress-cho-thue-xe-6\/","title":{"rendered":"Theme WordPress cho thu\u00ea xe 6"},"content":{"rendered":"","protected":false},"excerpt":{"rendered":"<p>Theme WordPress cho thu\u00ea xe 6 cung c\u1ea5p c\u00e1c t\u00ednh n\u0103ng quan tr\u1ecdng \u0111\u1ec3 gi\u00fap b\u1ea1n qu\u1ea3n l\u00fd d\u1ecbch v\u1ee5 cho thu\u00ea xe c\u1ee7a m\u00ecnh m\u1ed9t c\u00e1ch d\u1ec5 d\u00e0ng v\u00e0 hi\u1ec7u qu\u1ea3. B\u1ea1n c\u00f3 th\u1ec3 t\u1ea1o c\u00e1c danh s\u00e1ch xe v\u1edbi c\u00e1c th\u00f4ng tin chi ti\u1ebft nh\u01b0 h\u00ecnh \u1ea3nh, m\u00f4 t\u1ea3, th\u00f4ng s\u1ed1 k\u1ef9 thu\u1eadt, m\u1ee9c gi\u00e1 v\u00e0 kh\u1ea3 n\u0103ng \u0111\u1eb7t ch\u1ed7 tr\u1ef1c tuy\u1ebfn. Kh\u00e1ch h\u00e0ng c\u1ee7a b\u1ea1n c\u00f3 th\u1ec3 d\u1ec5 d\u00e0ng t\u00ecm ki\u1ebfm v\u00e0 ch\u1ecdn xe ph\u00f9 h\u1ee3p v\u1edbi nhu c\u1ea7u c\u1ee7a h\u1ecd.<\/p>\n","protected":false},"featured_media":3013,"comment_status":"open","ping_status":"closed","template":"","meta":[],"product_brand":[],"product_cat":[46,45],"product_tag":[],"class_list":{"0":"post-3012","1":"product","2":"type-product","3":"status-publish","4":"has-post-thumbnail","6":"product_cat-theme-hot","7":"product_cat-theme-wordpress-cho-thue-xe-taxi","9":"first","10":"instock","11":"sale","12":"downloadable","13":"shipping-taxable","14":"purchasable","15":"product-type-simple"},"acf":[],"_links":{"self":[{"href":"https:\/\/khogiaodienmau.net\/trumtheme\/wp-json\/wp\/v2\/product\/3012"}],"collection":[{"href":"https:\/\/khogiaodienmau.net\/trumtheme\/wp-json\/wp\/v2\/product"}],"about":[{"href":"https:\/\/khogiaodienmau.net\/trumtheme\/wp-json\/wp\/v2\/types\/product"}],"replies":[{"embeddable":true,"href":"https:\/\/khogiaodienmau.net\/trumtheme\/wp-json\/wp\/v2\/comments?post=3012"}],"wp:featuredmedia":[{"embeddable":true,"href":"https:\/\/khogiaodienmau.net\/trumtheme\/wp-json\/wp\/v2\/media\/3013"}],"wp:attachment":[{"href":"https:\/\/khogiaodienmau.net\/trumtheme\/wp-json\/wp\/v2\/media?parent=3012"}],"wp:term":[{"taxonomy":"product_brand","embeddable":true,"href":"https:\/\/khogiaodienmau.net\/trumtheme\/wp-json\/wp\/v2\/product_brand?post=3012"},{"taxonomy":"product_cat","embeddable":true,"href":"https:\/\/khogiaodienmau.net\/trumtheme\/wp-json\/wp\/v2\/product_cat?post=3012"},{"taxonomy":"product_tag","embeddable":true,"href":"https:\/\/khogiaodienmau.net\/trumtheme\/wp-json\/wp\/v2\/product_tag?post=3012"}],"curies":[{"name":"wp","href":"https:\/\/api.w.org\/{rel}","templated":true}]}}