{"id":3003,"date":"2023-07-08T09:49:02","date_gmt":"2023-07-08T09:49:02","guid":{"rendered":"https:\/\/khogiaodienmau.net\/trumtheme\/?post_type=product&#038;p=3003"},"modified":"2023-11-07T15:58:37","modified_gmt":"2023-11-07T15:58:37","slug":"theme-wordpress-cong-ty-thiet-ke-website-6","status":"publish","type":"product","link":"https:\/\/khogiaodienmau.net\/trumtheme\/themes\/theme-wordpress-cong-ty-thiet-ke-website-6\/","title":{"rendered":"Theme wordpress c\u00f4ng ty thi\u1ebft k\u1ebf website 6"},"content":{"rendered":"","protected":false},"excerpt":{"rendered":"<p><strong>Theme WordPress C\u00f4ng ty Thi\u1ebft k\u1ebf Website 6<\/strong> \u0111i k\u00e8m v\u1edbi t\u00ednh n\u0103ng t\u00f9y ch\u1ec9nh v\u00e0 linh ho\u1ea1t, cho ph\u00e9p b\u1ea1n t\u1ea1o n\u00ean trang web \u0111\u1ed9c \u0111\u00e1o v\u00e0 ph\u00f9 h\u1ee3p v\u1edbi th\u01b0\u01a1ng hi\u1ec7u c\u1ee7a m\u00ecnh. B\u1ea1n c\u00f3 th\u1ec3 t\u00f9y ch\u1ec9nh m\u00e0u s\u1eafc, b\u1ed1 c\u1ee5c, h\u00ecnh \u1ea3nh v\u00e0 nhi\u1ec1u h\u01a1n n\u1eefa \u0111\u1ec3 t\u1ea1o ra m\u1ed9t trang web \u0111\u1ed9c \u0111\u00e1o v\u00e0 t\u01b0\u01a1ng th\u00edch v\u1edbi m\u1ecdi lo\u1ea1i thi\u1ebft b\u1ecb.<\/p>\n","protected":false},"featured_media":3004,"comment_status":"open","ping_status":"closed","template":"","meta":[],"product_brand":[],"product_cat":[46,38,92,57],"product_tag":[97],"class_list":{"0":"post-3003","1":"product","2":"type-product","3":"status-publish","4":"has-post-thumbnail","6":"product_cat-theme-hot","7":"product_cat-theme-wordpress-cong-ty-marketing","8":"product_cat-theme-wordpress-cong-ty-thiet-ke-web","9":"product_cat-theme-wordpress-dich-vu","10":"product_tag-agency","12":"first","13":"instock","14":"sale","15":"downloadable","16":"shipping-taxable","17":"purchasable","18":"product-type-simple"},"acf":[],"_links":{"self":[{"href":"https:\/\/khogiaodienmau.net\/trumtheme\/wp-json\/wp\/v2\/product\/3003"}],"collection":[{"href":"https:\/\/khogiaodienmau.net\/trumtheme\/wp-json\/wp\/v2\/product"}],"about":[{"href":"https:\/\/khogiaodienmau.net\/trumtheme\/wp-json\/wp\/v2\/types\/product"}],"replies":[{"embeddable":true,"href":"https:\/\/khogiaodienmau.net\/trumtheme\/wp-json\/wp\/v2\/comments?post=3003"}],"wp:featuredmedia":[{"embeddable":true,"href":"https:\/\/khogiaodienmau.net\/trumtheme\/wp-json\/wp\/v2\/media\/3004"}],"wp:attachment":[{"href":"https:\/\/khogiaodienmau.net\/trumtheme\/wp-json\/wp\/v2\/media?parent=3003"}],"wp:term":[{"taxonomy":"product_brand","embeddable":true,"href":"https:\/\/khogiaodienmau.net\/trumtheme\/wp-json\/wp\/v2\/product_brand?post=3003"},{"taxonomy":"product_cat","embeddable":true,"href":"https:\/\/khogiaodienmau.net\/trumtheme\/wp-json\/wp\/v2\/product_cat?post=3003"},{"taxonomy":"product_tag","embeddable":true,"href":"https:\/\/khogiaodienmau.net\/trumtheme\/wp-json\/wp\/v2\/product_tag?post=3003"}],"curies":[{"name":"wp","href":"https:\/\/api.w.org\/{rel}","templated":true}]}}