{"id":2997,"date":"2023-07-03T09:36:22","date_gmt":"2023-07-03T09:36:22","guid":{"rendered":"https:\/\/khogiaodienmau.net\/trumtheme\/?post_type=product&#038;p=2997"},"modified":"2023-07-03T09:36:46","modified_gmt":"2023-07-03T09:36:46","slug":"theme-wordpress-dich-vu-taxi-3","status":"publish","type":"product","link":"https:\/\/khogiaodienmau.net\/trumtheme\/themes\/theme-wordpress-dich-vu-taxi-3\/","title":{"rendered":"Theme wordpress d\u1ecbch v\u1ee5 taxi 3"},"content":{"rendered":"","protected":false},"excerpt":{"rendered":"<p>Theme wordpress d\u1ecbch v\u1ee5 taxi 3 \u0111\u01b0\u1ee3c t\u1ed1i \u01b0u h\u00f3a \u0111\u1ec3 cung c\u1ea5p tr\u1ea3i nghi\u1ec7m ng\u01b0\u1eddi d\u00f9ng tuy\u1ec7t v\u1eddi tr\u00ean c\u1ea3 m\u00e1y t\u00ednh v\u00e0 thi\u1ebft b\u1ecb di \u0111\u1ed9ng. V\u1edbi giao di\u1ec7n linh ho\u1ea1t v\u00e0 responsive, trang web c\u1ee7a b\u1ea1n s\u1ebd hi\u1ec3n th\u1ecb \u0111\u1eb9p m\u1eaft tr\u00ean m\u1ecdi lo\u1ea1i m\u00e0n h\u00ecnh, gi\u00fap kh\u00e1ch h\u00e0ng truy c\u1eadp v\u00e0 \u0111\u1eb7t xe d\u1ec5 d\u00e0ng t\u1eeb b\u1ea5t k\u1ef3 \u0111\u00e2u.<\/p>\n","protected":false},"featured_media":2998,"comment_status":"open","ping_status":"closed","template":"","meta":[],"product_brand":[],"product_cat":[46,45,57],"product_tag":[],"class_list":{"0":"post-2997","1":"product","2":"type-product","3":"status-publish","4":"has-post-thumbnail","6":"product_cat-theme-hot","7":"product_cat-theme-wordpress-cho-thue-xe-taxi","8":"product_cat-theme-wordpress-dich-vu","10":"first","11":"instock","12":"sale","13":"downloadable","14":"shipping-taxable","15":"purchasable","16":"product-type-simple"},"acf":[],"_links":{"self":[{"href":"https:\/\/khogiaodienmau.net\/trumtheme\/wp-json\/wp\/v2\/product\/2997"}],"collection":[{"href":"https:\/\/khogiaodienmau.net\/trumtheme\/wp-json\/wp\/v2\/product"}],"about":[{"href":"https:\/\/khogiaodienmau.net\/trumtheme\/wp-json\/wp\/v2\/types\/product"}],"replies":[{"embeddable":true,"href":"https:\/\/khogiaodienmau.net\/trumtheme\/wp-json\/wp\/v2\/comments?post=2997"}],"wp:featuredmedia":[{"embeddable":true,"href":"https:\/\/khogiaodienmau.net\/trumtheme\/wp-json\/wp\/v2\/media\/2998"}],"wp:attachment":[{"href":"https:\/\/khogiaodienmau.net\/trumtheme\/wp-json\/wp\/v2\/media?parent=2997"}],"wp:term":[{"taxonomy":"product_brand","embeddable":true,"href":"https:\/\/khogiaodienmau.net\/trumtheme\/wp-json\/wp\/v2\/product_brand?post=2997"},{"taxonomy":"product_cat","embeddable":true,"href":"https:\/\/khogiaodienmau.net\/trumtheme\/wp-json\/wp\/v2\/product_cat?post=2997"},{"taxonomy":"product_tag","embeddable":true,"href":"https:\/\/khogiaodienmau.net\/trumtheme\/wp-json\/wp\/v2\/product_tag?post=2997"}],"curies":[{"name":"wp","href":"https:\/\/api.w.org\/{rel}","templated":true}]}}