{"id":2995,"date":"2023-07-03T05:59:43","date_gmt":"2023-07-03T05:59:43","guid":{"rendered":"https:\/\/khogiaodienmau.net\/trumtheme\/?post_type=product&#038;p=2995"},"modified":"2023-07-03T06:02:59","modified_gmt":"2023-07-03T06:02:59","slug":"theme-wordpress-tap-hoa-sua-em-be","status":"publish","type":"product","link":"https:\/\/khogiaodienmau.net\/trumtheme\/themes\/theme-wordpress-tap-hoa-sua-em-be\/","title":{"rendered":"Theme wordpress t\u1ea1p h\u00f3a s\u1eefa em b\u00e9"},"content":{"rendered":"","protected":false},"excerpt":{"rendered":"<p>Theme WordPress T\u1ea1p H\u00f3a S\u1eefa Em B\u00e9 mang \u0111\u1ebfn cho b\u1ea1n m\u1ed9t giao di\u1ec7n hi\u1ec7n \u0111\u1ea1i v\u00e0 th\u00e2n thi\u1ec7n v\u1edbi ng\u01b0\u1eddi d\u00f9ng,V\u1edbi thi\u1ebft k\u1ebf t\u01b0\u01a1i s\u00e1ng, ng\u1ecdt ng\u00e0o v\u00e0 th\u00e2n thi\u1ec7n, Theme WordPress T\u1ea1p H\u00f3a S\u1eefa Em B\u00e9 gi\u00fap trang web c\u1ee7a b\u1ea1n thu h\u00fat v\u00e0 t\u1ea1o s\u1ef1 tin t\u01b0\u1edfng v\u1edbi kh\u00e1ch h\u00e0ng.<\/p>\n","protected":false},"featured_media":2996,"comment_status":"open","ping_status":"closed","template":"","meta":[],"product_brand":[],"product_cat":[46,26,32],"product_tag":[],"class_list":{"0":"post-2995","1":"product","2":"type-product","3":"status-publish","4":"has-post-thumbnail","6":"product_cat-theme-hot","7":"product_cat-theme-wordpress-ban-hang","8":"product_cat-theme-wordpress-thuc-pham","10":"first","11":"instock","12":"sale","13":"downloadable","14":"shipping-taxable","15":"purchasable","16":"product-type-simple"},"acf":[],"_links":{"self":[{"href":"https:\/\/khogiaodienmau.net\/trumtheme\/wp-json\/wp\/v2\/product\/2995"}],"collection":[{"href":"https:\/\/khogiaodienmau.net\/trumtheme\/wp-json\/wp\/v2\/product"}],"about":[{"href":"https:\/\/khogiaodienmau.net\/trumtheme\/wp-json\/wp\/v2\/types\/product"}],"replies":[{"embeddable":true,"href":"https:\/\/khogiaodienmau.net\/trumtheme\/wp-json\/wp\/v2\/comments?post=2995"}],"wp:featuredmedia":[{"embeddable":true,"href":"https:\/\/khogiaodienmau.net\/trumtheme\/wp-json\/wp\/v2\/media\/2996"}],"wp:attachment":[{"href":"https:\/\/khogiaodienmau.net\/trumtheme\/wp-json\/wp\/v2\/media?parent=2995"}],"wp:term":[{"taxonomy":"product_brand","embeddable":true,"href":"https:\/\/khogiaodienmau.net\/trumtheme\/wp-json\/wp\/v2\/product_brand?post=2995"},{"taxonomy":"product_cat","embeddable":true,"href":"https:\/\/khogiaodienmau.net\/trumtheme\/wp-json\/wp\/v2\/product_cat?post=2995"},{"taxonomy":"product_tag","embeddable":true,"href":"https:\/\/khogiaodienmau.net\/trumtheme\/wp-json\/wp\/v2\/product_tag?post=2995"}],"curies":[{"name":"wp","href":"https:\/\/api.w.org\/{rel}","templated":true}]}}