{"id":2986,"date":"2023-06-03T05:14:29","date_gmt":"2023-06-03T05:14:29","guid":{"rendered":"https:\/\/khogiaodienmau.net\/trumtheme\/?post_type=product&#038;p=2986"},"modified":"2023-07-03T05:14:41","modified_gmt":"2023-07-03T05:14:41","slug":"theme-wordpress-spa-12","status":"publish","type":"product","link":"https:\/\/khogiaodienmau.net\/trumtheme\/themes\/theme-wordpress-spa-12\/","title":{"rendered":"Theme wordpress spa 12"},"content":{"rendered":"","protected":false},"excerpt":{"rendered":"<p>V\u1edbi thi\u1ebft k\u1ebf tinh t\u1ebf v\u00e0 hi\u1ec7n \u0111\u1ea1i, Theme WordPress Spa 12 gi\u00fap trang web c\u1ee7a b\u1ea1n tr\u1edf n\u00ean h\u1ea5p d\u1eabn v\u00e0 chuy\u00ean nghi\u1ec7p. B\u1ea1n c\u00f3 th\u1ec3 l\u1ef1a ch\u1ecdn t\u1eeb nhi\u1ec1u giao di\u1ec7n \u0111\u1eb9p m\u1eaft v\u00e0 t\u00f9y ch\u1ec9nh ch\u00fang theo phong c\u00e1ch v\u00e0 th\u01b0\u01a1ng hi\u1ec7u c\u1ee7a th\u1ea9m m\u1ef9 vi\u1ec7n.<\/p>\n","protected":false},"featured_media":2987,"comment_status":"open","ping_status":"closed","template":"","meta":[],"product_brand":[],"product_cat":[53,57,50,42],"product_tag":[],"class_list":{"0":"post-2986","1":"product","2":"type-product","3":"status-publish","4":"has-post-thumbnail","6":"product_cat-theme-word-press-y-te-suc-khoe","7":"product_cat-theme-wordpress-dich-vu","8":"product_cat-theme-wordpress-gioi-thieu-cong-ty","9":"product_cat-theme-wordpress-spa","11":"first","12":"instock","13":"sale","14":"downloadable","15":"shipping-taxable","16":"purchasable","17":"product-type-simple"},"acf":[],"_links":{"self":[{"href":"https:\/\/khogiaodienmau.net\/trumtheme\/wp-json\/wp\/v2\/product\/2986"}],"collection":[{"href":"https:\/\/khogiaodienmau.net\/trumtheme\/wp-json\/wp\/v2\/product"}],"about":[{"href":"https:\/\/khogiaodienmau.net\/trumtheme\/wp-json\/wp\/v2\/types\/product"}],"replies":[{"embeddable":true,"href":"https:\/\/khogiaodienmau.net\/trumtheme\/wp-json\/wp\/v2\/comments?post=2986"}],"wp:featuredmedia":[{"embeddable":true,"href":"https:\/\/khogiaodienmau.net\/trumtheme\/wp-json\/wp\/v2\/media\/2987"}],"wp:attachment":[{"href":"https:\/\/khogiaodienmau.net\/trumtheme\/wp-json\/wp\/v2\/media?parent=2986"}],"wp:term":[{"taxonomy":"product_brand","embeddable":true,"href":"https:\/\/khogiaodienmau.net\/trumtheme\/wp-json\/wp\/v2\/product_brand?post=2986"},{"taxonomy":"product_cat","embeddable":true,"href":"https:\/\/khogiaodienmau.net\/trumtheme\/wp-json\/wp\/v2\/product_cat?post=2986"},{"taxonomy":"product_tag","embeddable":true,"href":"https:\/\/khogiaodienmau.net\/trumtheme\/wp-json\/wp\/v2\/product_tag?post=2986"}],"curies":[{"name":"wp","href":"https:\/\/api.w.org\/{rel}","templated":true}]}}