{"id":2982,"date":"2023-06-03T04:49:59","date_gmt":"2023-06-03T04:49:59","guid":{"rendered":"https:\/\/khogiaodienmau.net\/trumtheme\/?post_type=product&#038;p=2982"},"modified":"2023-07-03T05:05:29","modified_gmt":"2023-07-03T05:05:29","slug":"theme-wordpress-gioi-thieu-ca-sy-2","status":"publish","type":"product","link":"https:\/\/khogiaodienmau.net\/trumtheme\/themes\/theme-wordpress-gioi-thieu-ca-sy-2\/","title":{"rendered":"Theme wordpress gi\u1edbi thi\u1ec7u ca s\u1ef9"},"content":{"rendered":"","protected":false},"excerpt":{"rendered":"<p>V\u1edbi Theme WordPress Gi\u1edbi Thi\u1ec7u Ca S\u1ef9, b\u1ea1n s\u1ebd c\u00f3 m\u1ed9t trang web chuy\u00ean nghi\u1ec7p, \u0111\u1eb9p m\u1eaft v\u00e0 t\u01b0\u01a1ng t\u00e1c \u0111\u1ec3 gi\u1edbi thi\u1ec7u b\u1ea3n th\u00e2n v\u00e0 \u00e2m nh\u1ea1c c\u1ee7a m\u00ecnh. H\u00e3y t\u1ea1o d\u1ea5u \u1ea5n v\u00e0 k\u1ebft n\u1ed1i v\u1edbi ng\u01b0\u1eddi h\u00e2m m\u1ed9 c\u1ee7a b\u1ea1n th\u00f4ng qua m\u1ed9t tr\u1ea3i nghi\u1ec7m tr\u1ef1c tuy\u1ebfn \u0111\u1ed9c \u0111\u00e1o v\u00e0 s\u00e1ng t\u1ea1o.<\/p>\n","protected":false},"featured_media":2983,"comment_status":"open","ping_status":"closed","template":"","meta":[],"product_brand":[],"product_cat":[50,31],"product_tag":[93,94],"class_list":{"0":"post-2982","1":"product","2":"type-product","3":"status-publish","4":"has-post-thumbnail","6":"product_cat-theme-wordpress-gioi-thieu-cong-ty","7":"product_cat-theme-wordpress-landing-page","8":"product_tag-am-nhac","9":"product_tag-music","11":"first","12":"instock","13":"sale","14":"downloadable","15":"shipping-taxable","16":"purchasable","17":"product-type-simple"},"acf":[],"_links":{"self":[{"href":"https:\/\/khogiaodienmau.net\/trumtheme\/wp-json\/wp\/v2\/product\/2982"}],"collection":[{"href":"https:\/\/khogiaodienmau.net\/trumtheme\/wp-json\/wp\/v2\/product"}],"about":[{"href":"https:\/\/khogiaodienmau.net\/trumtheme\/wp-json\/wp\/v2\/types\/product"}],"replies":[{"embeddable":true,"href":"https:\/\/khogiaodienmau.net\/trumtheme\/wp-json\/wp\/v2\/comments?post=2982"}],"wp:featuredmedia":[{"embeddable":true,"href":"https:\/\/khogiaodienmau.net\/trumtheme\/wp-json\/wp\/v2\/media\/2983"}],"wp:attachment":[{"href":"https:\/\/khogiaodienmau.net\/trumtheme\/wp-json\/wp\/v2\/media?parent=2982"}],"wp:term":[{"taxonomy":"product_brand","embeddable":true,"href":"https:\/\/khogiaodienmau.net\/trumtheme\/wp-json\/wp\/v2\/product_brand?post=2982"},{"taxonomy":"product_cat","embeddable":true,"href":"https:\/\/khogiaodienmau.net\/trumtheme\/wp-json\/wp\/v2\/product_cat?post=2982"},{"taxonomy":"product_tag","embeddable":true,"href":"https:\/\/khogiaodienmau.net\/trumtheme\/wp-json\/wp\/v2\/product_tag?post=2982"}],"curies":[{"name":"wp","href":"https:\/\/api.w.org\/{rel}","templated":true}]}}