{"id":2978,"date":"2023-07-01T17:09:58","date_gmt":"2023-07-01T17:09:58","guid":{"rendered":"https:\/\/khogiaodienmau.net\/trumtheme\/?post_type=product&#038;p=2978"},"modified":"2023-07-01T17:11:21","modified_gmt":"2023-07-01T17:11:21","slug":"theme-wordpress-ban-hai-san-01-chuan-dep","status":"publish","type":"product","link":"https:\/\/khogiaodienmau.net\/trumtheme\/themes\/theme-wordpress-ban-hai-san-01-chuan-dep\/","title":{"rendered":"Theme WordPress B\u00e1n H\u1ea3i S\u1ea3n 01 chu\u1ea9n \u0111\u1eb9p"},"content":{"rendered":"","protected":false},"excerpt":{"rendered":"<p>Theme WordPress B\u00e1n H\u1ea3i S\u1ea3n 01 \u0111\u01b0\u1ee3c x\u00e2y d\u1ef1ng d\u1ef1a tr\u00ean n\u1ec1n t\u1ea3ng WordPress, mang l\u1ea1i s\u1ef1 linh ho\u1ea1t v\u00e0 d\u1ec5 d\u00e0ng t\u00f9y ch\u1ec9nh cho vi\u1ec7c x\u00e2y d\u1ef1ng trang web c\u1ee7a b\u1ea1n. V\u1edbi giao di\u1ec7n th\u00e2n thi\u1ec7n v\u1edbi ng\u01b0\u1eddi d\u00f9ng, ngay c\u1ea3 nh\u1eefng ng\u01b0\u1eddi kh\u00f4ng c\u00f3 k\u1ef9 n\u0103ng l\u1eadp tr\u00ecnh c\u0169ng c\u00f3 th\u1ec3 d\u1ec5 d\u00e0ng t\u1ea1o ra m\u1ed9t trang web chuy\u00ean nghi\u1ec7p v\u00e0 h\u1ea5p d\u1eabn.<\/p>\n","protected":false},"featured_media":2979,"comment_status":"open","ping_status":"closed","template":"","meta":[],"product_brand":[],"product_cat":[46,26,91,43],"product_tag":[],"class_list":{"0":"post-2978","1":"product","2":"type-product","3":"status-publish","4":"has-post-thumbnail","6":"product_cat-theme-hot","7":"product_cat-theme-wordpress-ban-hang","8":"product_cat-theme-wordpress-hai-san","9":"product_cat-theme-wordpress-nha-hang","11":"first","12":"instock","13":"sale","14":"downloadable","15":"shipping-taxable","16":"purchasable","17":"product-type-simple"},"acf":[],"_links":{"self":[{"href":"https:\/\/khogiaodienmau.net\/trumtheme\/wp-json\/wp\/v2\/product\/2978"}],"collection":[{"href":"https:\/\/khogiaodienmau.net\/trumtheme\/wp-json\/wp\/v2\/product"}],"about":[{"href":"https:\/\/khogiaodienmau.net\/trumtheme\/wp-json\/wp\/v2\/types\/product"}],"replies":[{"embeddable":true,"href":"https:\/\/khogiaodienmau.net\/trumtheme\/wp-json\/wp\/v2\/comments?post=2978"}],"wp:featuredmedia":[{"embeddable":true,"href":"https:\/\/khogiaodienmau.net\/trumtheme\/wp-json\/wp\/v2\/media\/2979"}],"wp:attachment":[{"href":"https:\/\/khogiaodienmau.net\/trumtheme\/wp-json\/wp\/v2\/media?parent=2978"}],"wp:term":[{"taxonomy":"product_brand","embeddable":true,"href":"https:\/\/khogiaodienmau.net\/trumtheme\/wp-json\/wp\/v2\/product_brand?post=2978"},{"taxonomy":"product_cat","embeddable":true,"href":"https:\/\/khogiaodienmau.net\/trumtheme\/wp-json\/wp\/v2\/product_cat?post=2978"},{"taxonomy":"product_tag","embeddable":true,"href":"https:\/\/khogiaodienmau.net\/trumtheme\/wp-json\/wp\/v2\/product_tag?post=2978"}],"curies":[{"name":"wp","href":"https:\/\/api.w.org\/{rel}","templated":true}]}}