{"id":2968,"date":"2023-07-08T06:36:58","date_gmt":"2023-07-08T06:36:58","guid":{"rendered":"https:\/\/khogiaodienmau.net\/trumtheme\/?post_type=product&#038;p=2968"},"modified":"2023-07-10T09:06:58","modified_gmt":"2023-07-10T09:06:58","slug":"theme-wordpress-ban-goi-cuoc-mobile","status":"publish","type":"product","link":"https:\/\/khogiaodienmau.net\/trumtheme\/themes\/theme-wordpress-ban-goi-cuoc-mobile\/","title":{"rendered":"Theme wordpress b\u00e1n g\u00f3i c\u01b0\u1edbc mobile"},"content":{"rendered":"","protected":false},"excerpt":{"rendered":"<p>V\u1edbi theme WordPress b\u00e1n g\u00f3i c\u01b0\u1edbc mobile, b\u1ea1n c\u0169ng c\u00f3 th\u1ec3 t\u1ea1o ra c\u00e1c trang n\u1ed9i dung nh\u01b0 blog, trang th\u00f4ng tin, h\u1ed7 tr\u1ee3 kh\u00e1ch h\u00e0ng v\u00e0 nhi\u1ec1u trang kh\u00e1c \u0111\u1ec3 cung c\u1ea5p th\u00f4ng tin v\u00e0 h\u1ed7 tr\u1ee3 cho kh\u00e1ch h\u00e0ng c\u1ee7a m\u00ecnh.<\/p>\n","protected":false},"featured_media":2969,"comment_status":"open","ping_status":"closed","template":"","meta":[],"product_brand":[],"product_cat":[80,57],"product_tag":[],"class_list":{"0":"post-2968","1":"product","2":"type-product","3":"status-publish","4":"has-post-thumbnail","6":"product_cat-nha-mang-vien-thong","7":"product_cat-theme-wordpress-dich-vu","9":"first","10":"instock","11":"sale","12":"downloadable","13":"shipping-taxable","14":"purchasable","15":"product-type-simple"},"acf":[],"_links":{"self":[{"href":"https:\/\/khogiaodienmau.net\/trumtheme\/wp-json\/wp\/v2\/product\/2968"}],"collection":[{"href":"https:\/\/khogiaodienmau.net\/trumtheme\/wp-json\/wp\/v2\/product"}],"about":[{"href":"https:\/\/khogiaodienmau.net\/trumtheme\/wp-json\/wp\/v2\/types\/product"}],"replies":[{"embeddable":true,"href":"https:\/\/khogiaodienmau.net\/trumtheme\/wp-json\/wp\/v2\/comments?post=2968"}],"wp:featuredmedia":[{"embeddable":true,"href":"https:\/\/khogiaodienmau.net\/trumtheme\/wp-json\/wp\/v2\/media\/2969"}],"wp:attachment":[{"href":"https:\/\/khogiaodienmau.net\/trumtheme\/wp-json\/wp\/v2\/media?parent=2968"}],"wp:term":[{"taxonomy":"product_brand","embeddable":true,"href":"https:\/\/khogiaodienmau.net\/trumtheme\/wp-json\/wp\/v2\/product_brand?post=2968"},{"taxonomy":"product_cat","embeddable":true,"href":"https:\/\/khogiaodienmau.net\/trumtheme\/wp-json\/wp\/v2\/product_cat?post=2968"},{"taxonomy":"product_tag","embeddable":true,"href":"https:\/\/khogiaodienmau.net\/trumtheme\/wp-json\/wp\/v2\/product_tag?post=2968"}],"curies":[{"name":"wp","href":"https:\/\/api.w.org\/{rel}","templated":true}]}}