{"id":2959,"date":"2023-06-27T10:45:41","date_gmt":"2023-06-27T10:45:41","guid":{"rendered":"https:\/\/khogiaodienmau.net\/trumtheme\/?post_type=product&#038;p=2959"},"modified":"2023-06-27T10:45:56","modified_gmt":"2023-06-27T10:45:56","slug":"theme-wordpress-taxi-4-co-tinh-phi-tu-dong-chuan-dep","status":"publish","type":"product","link":"https:\/\/khogiaodienmau.net\/trumtheme\/themes\/theme-wordpress-taxi-4-co-tinh-phi-tu-dong-chuan-dep\/","title":{"rendered":"Theme WordPress Taxi 4 c\u00f3 t\u00ednh ph\u00ed t\u1ef1 \u0111\u1ed9ng chu\u1ea9n \u0111\u1eb9p"},"content":{"rendered":"","protected":false},"excerpt":{"rendered":"<p>Theme WordPress Taxi 4 \u0111\u01b0\u1ee3c x\u00e2y d\u1ef1ng v\u1edbi c\u00e1c ti\u00eau chu\u1ea9n ph\u00f9 h\u1ee3p v\u1edbi SEO (t\u1ed1i \u01b0u h\u00f3a c\u00f4ng c\u1ee5 t\u00ecm ki\u1ebfm), gi\u00fap trang web c\u1ee7a b\u1ea1n d\u1ec5 d\u00e0ng \u0111\u01b0\u1ee3c t\u00ecm th\u1ea5y tr\u00ean c\u00e1c c\u00f4ng c\u1ee5 t\u00ecm ki\u1ebfm nh\u01b0 Google. \u0110i\u1ec1u n\u00e0y gi\u00fap t\u0103ng kh\u1ea3 n\u0103ng ti\u1ebfp c\u1eadn v\u00e0 thu h\u00fat kh\u00e1ch h\u00e0ng ti\u1ec1m n\u0103ng \u0111\u1ebfn v\u1edbi doanh nghi\u1ec7p c\u1ee7a b\u1ea1n.<\/p>\n","protected":false},"featured_media":2913,"comment_status":"open","ping_status":"closed","template":"","meta":[],"product_brand":[],"product_cat":[46,45],"product_tag":[],"class_list":{"0":"post-2959","1":"product","2":"type-product","3":"status-publish","4":"has-post-thumbnail","6":"product_cat-theme-hot","7":"product_cat-theme-wordpress-cho-thue-xe-taxi","9":"first","10":"instock","11":"sale","12":"downloadable","13":"shipping-taxable","14":"purchasable","15":"product-type-simple"},"acf":[],"_links":{"self":[{"href":"https:\/\/khogiaodienmau.net\/trumtheme\/wp-json\/wp\/v2\/product\/2959"}],"collection":[{"href":"https:\/\/khogiaodienmau.net\/trumtheme\/wp-json\/wp\/v2\/product"}],"about":[{"href":"https:\/\/khogiaodienmau.net\/trumtheme\/wp-json\/wp\/v2\/types\/product"}],"replies":[{"embeddable":true,"href":"https:\/\/khogiaodienmau.net\/trumtheme\/wp-json\/wp\/v2\/comments?post=2959"}],"wp:featuredmedia":[{"embeddable":true,"href":"https:\/\/khogiaodienmau.net\/trumtheme\/wp-json\/wp\/v2\/media\/2913"}],"wp:attachment":[{"href":"https:\/\/khogiaodienmau.net\/trumtheme\/wp-json\/wp\/v2\/media?parent=2959"}],"wp:term":[{"taxonomy":"product_brand","embeddable":true,"href":"https:\/\/khogiaodienmau.net\/trumtheme\/wp-json\/wp\/v2\/product_brand?post=2959"},{"taxonomy":"product_cat","embeddable":true,"href":"https:\/\/khogiaodienmau.net\/trumtheme\/wp-json\/wp\/v2\/product_cat?post=2959"},{"taxonomy":"product_tag","embeddable":true,"href":"https:\/\/khogiaodienmau.net\/trumtheme\/wp-json\/wp\/v2\/product_tag?post=2959"}],"curies":[{"name":"wp","href":"https:\/\/api.w.org\/{rel}","templated":true}]}}