{"id":2946,"date":"2023-06-27T08:41:26","date_gmt":"2023-06-27T08:41:26","guid":{"rendered":"https:\/\/khogiaodienmau.net\/trumtheme\/?post_type=product&#038;p=2946"},"modified":"2023-07-07T10:51:42","modified_gmt":"2023-07-07T10:51:42","slug":"theme-wordpress-gioi-thieu-cong-ty-nang-luong-mat-troi","status":"publish","type":"product","link":"https:\/\/khogiaodienmau.net\/trumtheme\/themes\/theme-wordpress-gioi-thieu-cong-ty-nang-luong-mat-troi\/","title":{"rendered":"Theme wordpress gi\u1edbi thi\u1ec7u c\u00f4ng ty n\u0103ng l\u01b0\u1ee3ng m\u1eb7t tr\u1eddi solar3"},"content":{"rendered":"","protected":false},"excerpt":{"rendered":"<p>Theme WordPress Gi\u1edbi Thi\u1ec7u C\u00f4ng Ty N\u0103ng L\u01b0\u1ee3ng M\u1eb7t Tr\u1eddi l\u00e0 m\u1ed9t l\u1ef1a ch\u1ecdn l\u00fd t\u01b0\u1edfng cho c\u00e1c c\u00f4ng ty n\u0103ng l\u01b0\u1ee3ng m\u1eb7t tr\u1eddi, nh\u00e0 th\u1ea7u v\u00e0 nh\u00e0 ph\u00e1t tri\u1ec3n d\u1ef1 \u00e1n. V\u1edbi thi\u1ebft k\u1ebf chuy\u00ean nghi\u1ec7p v\u00e0 t\u00ednh n\u0103ng \u0111a d\u1ea1ng<\/p>\n","protected":false},"featured_media":2947,"comment_status":"open","ping_status":"closed","template":"","meta":[],"product_brand":[],"product_cat":[46,27,50],"product_tag":[110],"class_list":{"0":"post-2946","1":"product","2":"type-product","3":"status-publish","4":"has-post-thumbnail","6":"product_cat-theme-hot","7":"product_cat-theme-wordpress-dien-may","8":"product_cat-theme-wordpress-gioi-thieu-cong-ty","9":"product_tag-solar3","11":"first","12":"instock","13":"sale","14":"downloadable","15":"shipping-taxable","16":"purchasable","17":"product-type-simple"},"acf":[],"_links":{"self":[{"href":"https:\/\/khogiaodienmau.net\/trumtheme\/wp-json\/wp\/v2\/product\/2946"}],"collection":[{"href":"https:\/\/khogiaodienmau.net\/trumtheme\/wp-json\/wp\/v2\/product"}],"about":[{"href":"https:\/\/khogiaodienmau.net\/trumtheme\/wp-json\/wp\/v2\/types\/product"}],"replies":[{"embeddable":true,"href":"https:\/\/khogiaodienmau.net\/trumtheme\/wp-json\/wp\/v2\/comments?post=2946"}],"wp:featuredmedia":[{"embeddable":true,"href":"https:\/\/khogiaodienmau.net\/trumtheme\/wp-json\/wp\/v2\/media\/2947"}],"wp:attachment":[{"href":"https:\/\/khogiaodienmau.net\/trumtheme\/wp-json\/wp\/v2\/media?parent=2946"}],"wp:term":[{"taxonomy":"product_brand","embeddable":true,"href":"https:\/\/khogiaodienmau.net\/trumtheme\/wp-json\/wp\/v2\/product_brand?post=2946"},{"taxonomy":"product_cat","embeddable":true,"href":"https:\/\/khogiaodienmau.net\/trumtheme\/wp-json\/wp\/v2\/product_cat?post=2946"},{"taxonomy":"product_tag","embeddable":true,"href":"https:\/\/khogiaodienmau.net\/trumtheme\/wp-json\/wp\/v2\/product_tag?post=2946"}],"curies":[{"name":"wp","href":"https:\/\/api.w.org\/{rel}","templated":true}]}}