{"id":2942,"date":"2023-06-27T07:25:52","date_gmt":"2023-06-27T07:25:52","guid":{"rendered":"https:\/\/khogiaodienmau.net\/trumtheme\/?post_type=product&#038;p=2942"},"modified":"2023-06-27T07:25:52","modified_gmt":"2023-06-27T07:25:52","slug":"theme-wordpress-ban-do-golf","status":"publish","type":"product","link":"https:\/\/khogiaodienmau.net\/trumtheme\/themes\/theme-wordpress-ban-do-golf\/","title":{"rendered":"Theme wordpress b\u00e1n \u0111\u1ed3 golf"},"content":{"rendered":"","protected":false},"excerpt":{"rendered":"<p>&#8220;Theme WordPress B\u00e1n \u0110\u1ed3 Golf&#8221; l\u00e0 m\u1ed9t l\u1ef1a ch\u1ecdn l\u00fd t\u01b0\u1edfng cho c\u00e1c doanh nghi\u1ec7p, c\u1eeda h\u00e0ng golf v\u00e0 nh\u1eefng ng\u01b0\u1eddi \u0111am m\u00ea golf. V\u1edbi thi\u1ebft k\u1ebf chuy\u00ean nghi\u1ec7p v\u00e0 t\u00ednh n\u0103ng \u0111a d\u1ea1ng, theme n\u00e0y gi\u00fap b\u1ea1n x\u00e2y d\u1ef1ng m\u1ed9t trang web \u0111\u1eb3ng c\u1ea5p, thu h\u00fat kh\u00e1ch h\u00e0ng v\u00e0 t\u1ea1o n\u00ean s\u1ef1 kh\u00e1c bi\u1ec7t trong ng\u00e0nh c\u00f4ng nghi\u1ec7p golf.<\/p>\n","protected":false},"featured_media":2943,"comment_status":"open","ping_status":"closed","template":"","meta":[],"product_brand":[],"product_cat":[26,35],"product_tag":[],"class_list":{"0":"post-2942","1":"product","2":"type-product","3":"status-publish","4":"has-post-thumbnail","6":"product_cat-theme-wordpress-ban-hang","7":"product_cat-theme-wordpress-thoi-trang","9":"first","10":"instock","11":"sale","12":"downloadable","13":"shipping-taxable","14":"purchasable","15":"product-type-simple"},"acf":[],"_links":{"self":[{"href":"https:\/\/khogiaodienmau.net\/trumtheme\/wp-json\/wp\/v2\/product\/2942"}],"collection":[{"href":"https:\/\/khogiaodienmau.net\/trumtheme\/wp-json\/wp\/v2\/product"}],"about":[{"href":"https:\/\/khogiaodienmau.net\/trumtheme\/wp-json\/wp\/v2\/types\/product"}],"replies":[{"embeddable":true,"href":"https:\/\/khogiaodienmau.net\/trumtheme\/wp-json\/wp\/v2\/comments?post=2942"}],"wp:featuredmedia":[{"embeddable":true,"href":"https:\/\/khogiaodienmau.net\/trumtheme\/wp-json\/wp\/v2\/media\/2943"}],"wp:attachment":[{"href":"https:\/\/khogiaodienmau.net\/trumtheme\/wp-json\/wp\/v2\/media?parent=2942"}],"wp:term":[{"taxonomy":"product_brand","embeddable":true,"href":"https:\/\/khogiaodienmau.net\/trumtheme\/wp-json\/wp\/v2\/product_brand?post=2942"},{"taxonomy":"product_cat","embeddable":true,"href":"https:\/\/khogiaodienmau.net\/trumtheme\/wp-json\/wp\/v2\/product_cat?post=2942"},{"taxonomy":"product_tag","embeddable":true,"href":"https:\/\/khogiaodienmau.net\/trumtheme\/wp-json\/wp\/v2\/product_tag?post=2942"}],"curies":[{"name":"wp","href":"https:\/\/api.w.org\/{rel}","templated":true}]}}