{"id":2934,"date":"2023-06-27T06:49:53","date_gmt":"2023-06-27T06:49:53","guid":{"rendered":"https:\/\/khogiaodienmau.net\/trumtheme\/?post_type=product&#038;p=2934"},"modified":"2023-10-02T04:10:47","modified_gmt":"2023-10-02T04:10:47","slug":"theme-wordpress-ban-nem","status":"publish","type":"product","link":"https:\/\/khogiaodienmau.net\/trumtheme\/themes\/theme-wordpress-ban-nem\/","title":{"rendered":"Theme wordpress b\u00e1n n\u1ec7m"},"content":{"rendered":"","protected":false},"excerpt":{"rendered":"<p>Theme WordPress B\u00e1n N\u1ec7m cung c\u1ea5p t\u00edch h\u1ee3p ch\u1ee9c n\u0103ng \u0111\u1eb7t h\u00e0ng tr\u1ef1c tuy\u1ebfn thu\u1eadn ti\u1ec7n. Kh\u00e1ch h\u00e0ng c\u00f3 th\u1ec3 th\u00eam s\u1ea3n ph\u1ea9m v\u00e0o gi\u1ecf h\u00e0ng, ch\u1ecdn c\u00e1c t\u00f9y ch\u1ecdn v\u00e0 thanh to\u00e1n tr\u1ef1c tuy\u1ebfn m\u1ed9t c\u00e1ch d\u1ec5 d\u00e0ng. \u0110i\u1ec1u n\u00e0y mang l\u1ea1i tr\u1ea3i nghi\u1ec7m mua s\u1eafm ti\u1ec7n l\u1ee3i v\u00e0 nhanh ch\u00f3ng cho kh\u00e1ch h\u00e0ng, \u0111\u1ed3ng th\u1eddi t\u1ea1o \u0111i\u1ec3m \u0111\u1eb7c bi\u1ec7t cho trang web c\u1ee7a b\u1ea1n.<\/p>\n","protected":false},"featured_media":2935,"comment_status":"open","ping_status":"closed","template":"","meta":[],"product_brand":[],"product_cat":[46,26,39],"product_tag":[],"class_list":{"0":"post-2934","1":"product","2":"type-product","3":"status-publish","4":"has-post-thumbnail","6":"product_cat-theme-hot","7":"product_cat-theme-wordpress-ban-hang","8":"product_cat-theme-wordpress-noi-that","10":"first","11":"instock","12":"sale","13":"downloadable","14":"shipping-taxable","15":"purchasable","16":"product-type-simple"},"acf":[],"_links":{"self":[{"href":"https:\/\/khogiaodienmau.net\/trumtheme\/wp-json\/wp\/v2\/product\/2934"}],"collection":[{"href":"https:\/\/khogiaodienmau.net\/trumtheme\/wp-json\/wp\/v2\/product"}],"about":[{"href":"https:\/\/khogiaodienmau.net\/trumtheme\/wp-json\/wp\/v2\/types\/product"}],"replies":[{"embeddable":true,"href":"https:\/\/khogiaodienmau.net\/trumtheme\/wp-json\/wp\/v2\/comments?post=2934"}],"wp:featuredmedia":[{"embeddable":true,"href":"https:\/\/khogiaodienmau.net\/trumtheme\/wp-json\/wp\/v2\/media\/2935"}],"wp:attachment":[{"href":"https:\/\/khogiaodienmau.net\/trumtheme\/wp-json\/wp\/v2\/media?parent=2934"}],"wp:term":[{"taxonomy":"product_brand","embeddable":true,"href":"https:\/\/khogiaodienmau.net\/trumtheme\/wp-json\/wp\/v2\/product_brand?post=2934"},{"taxonomy":"product_cat","embeddable":true,"href":"https:\/\/khogiaodienmau.net\/trumtheme\/wp-json\/wp\/v2\/product_cat?post=2934"},{"taxonomy":"product_tag","embeddable":true,"href":"https:\/\/khogiaodienmau.net\/trumtheme\/wp-json\/wp\/v2\/product_tag?post=2934"}],"curies":[{"name":"wp","href":"https:\/\/api.w.org\/{rel}","templated":true}]}}