{"id":2931,"date":"2023-06-27T06:42:49","date_gmt":"2023-06-27T06:42:49","guid":{"rendered":"https:\/\/khogiaodienmau.net\/trumtheme\/?post_type=product&#038;p=2931"},"modified":"2023-07-05T16:17:01","modified_gmt":"2023-07-05T16:17:01","slug":"theme-wordpress-noi-that-17","status":"publish","type":"product","link":"https:\/\/khogiaodienmau.net\/trumtheme\/themes\/theme-wordpress-noi-that-17\/","title":{"rendered":"Theme wordpress n\u1ed9i th\u1ea5t 17"},"content":{"rendered":"","protected":false},"excerpt":{"rendered":"<p>Theme WordPress N\u1ed9i Th\u1ea5t 17 \u0111\u01b0\u1ee3c thi\u1ebft k\u1ebf v\u1edbi giao di\u1ec7n tinh t\u1ebf v\u00e0 th\u1ea9m m\u1ef9, gi\u00fap trang web c\u1ee7a b\u1ea1n tr\u1edf n\u00ean chuy\u00ean nghi\u1ec7p v\u00e0 h\u1ea5p d\u1eabn. Thi\u1ebft k\u1ebf \u0111\u1ed9c \u0111\u00e1o v\u00e0 t\u1ed1i \u01b0u h\u00f3a b\u1ed1 c\u1ee5c gi\u00fap tr\u00ecnh b\u00e0y s\u1ea3n ph\u1ea9m v\u00e0 d\u1ecbch v\u1ee5 n\u1ed9i th\u1ea5t c\u1ee7a b\u1ea1n m\u1ed9t c\u00e1ch t\u1ed1t nh\u1ea5t. Giao di\u1ec7n \u0111\u1eb9p v\u00e0 tr\u1ef1c quan t\u1ea1o \u1ea5n t\u01b0\u1ee3ng m\u1ea1nh m\u1ebd \u0111\u1ea7u ti\u00ean cho kh\u00e1ch h\u00e0ng khi gh\u00e9 th\u0103m trang web c\u1ee7a b\u1ea1n.<\/p>\n","protected":false},"featured_media":2933,"comment_status":"open","ping_status":"closed","template":"","meta":[],"product_brand":[],"product_cat":[39,33],"product_tag":[],"class_list":{"0":"post-2931","1":"product","2":"type-product","3":"status-publish","4":"has-post-thumbnail","6":"product_cat-theme-wordpress-noi-that","7":"product_cat-theme-wordpress-xay-dung","9":"first","10":"instock","11":"sale","12":"downloadable","13":"shipping-taxable","14":"purchasable","15":"product-type-simple"},"acf":[],"_links":{"self":[{"href":"https:\/\/khogiaodienmau.net\/trumtheme\/wp-json\/wp\/v2\/product\/2931"}],"collection":[{"href":"https:\/\/khogiaodienmau.net\/trumtheme\/wp-json\/wp\/v2\/product"}],"about":[{"href":"https:\/\/khogiaodienmau.net\/trumtheme\/wp-json\/wp\/v2\/types\/product"}],"replies":[{"embeddable":true,"href":"https:\/\/khogiaodienmau.net\/trumtheme\/wp-json\/wp\/v2\/comments?post=2931"}],"wp:featuredmedia":[{"embeddable":true,"href":"https:\/\/khogiaodienmau.net\/trumtheme\/wp-json\/wp\/v2\/media\/2933"}],"wp:attachment":[{"href":"https:\/\/khogiaodienmau.net\/trumtheme\/wp-json\/wp\/v2\/media?parent=2931"}],"wp:term":[{"taxonomy":"product_brand","embeddable":true,"href":"https:\/\/khogiaodienmau.net\/trumtheme\/wp-json\/wp\/v2\/product_brand?post=2931"},{"taxonomy":"product_cat","embeddable":true,"href":"https:\/\/khogiaodienmau.net\/trumtheme\/wp-json\/wp\/v2\/product_cat?post=2931"},{"taxonomy":"product_tag","embeddable":true,"href":"https:\/\/khogiaodienmau.net\/trumtheme\/wp-json\/wp\/v2\/product_tag?post=2931"}],"curies":[{"name":"wp","href":"https:\/\/api.w.org\/{rel}","templated":true}]}}