{"id":2929,"date":"2023-06-27T06:29:15","date_gmt":"2023-06-27T06:29:15","guid":{"rendered":"https:\/\/khogiaodienmau.net\/trumtheme\/?post_type=product&#038;p=2929"},"modified":"2023-07-05T16:16:25","modified_gmt":"2023-07-05T16:16:25","slug":"theme-wordpress-phong-kham-y-te","status":"publish","type":"product","link":"https:\/\/khogiaodienmau.net\/trumtheme\/themes\/theme-wordpress-phong-kham-y-te\/","title":{"rendered":"Theme wordpress ph\u00f2ng kh\u00e1m y t\u1ebf"},"content":{"rendered":"","protected":false},"excerpt":{"rendered":"<p>Theme WordPress Ph\u00f2ng Kh\u00e1m Y T\u1ebf \u0111\u01b0\u1ee3c t\u1ed1i \u01b0u h\u00f3a cho c\u00f4ng c\u1ee5 t\u00ecm ki\u1ebfm v\u00e0 t\u01b0\u01a1ng th\u00edch di \u0111\u1ed9ng. \u0110i\u1ec1u n\u00e0y gi\u00fap trang web c\u1ee7a b\u1ea1n xu\u1ea5t hi\u1ec7n cao tr\u00ean k\u1ebft qu\u1ea3 t\u00ecm ki\u1ebfm v\u00e0 \u0111\u1ea3m b\u1ea3o tr\u1ea3i nghi\u1ec7m t\u1ed1t tr\u00ean m\u1ecdi thi\u1ebft b\u1ecb di \u0111\u1ed9ng. Kh\u00e1ch h\u00e0ng c\u00f3 th\u1ec3 d\u1ec5 d\u00e0ng truy c\u1eadp trang web c\u1ee7a b\u1ea1n t\u1eeb \u0111i\u1ec7n tho\u1ea1i di \u0111\u1ed9ng v\u00e0 m\u00e1y t\u00ednh b\u1ea3ng m\u00e0 kh\u00f4ng g\u1eb7p kh\u00f3 kh\u0103n.<\/p>\n","protected":false},"featured_media":2930,"comment_status":"open","ping_status":"closed","template":"","meta":[],"product_brand":[],"product_cat":[53,50,100,51],"product_tag":[101],"class_list":{"0":"post-2929","1":"product","2":"type-product","3":"status-publish","4":"has-post-thumbnail","6":"product_cat-theme-word-press-y-te-suc-khoe","7":"product_cat-theme-wordpress-gioi-thieu-cong-ty","8":"product_cat-theme-wordpress-phong-kham","9":"product_cat-theme-wordpress-y-te","10":"product_tag-theme-wordpress-phong-kham","12":"first","13":"instock","14":"sale","15":"downloadable","16":"shipping-taxable","17":"purchasable","18":"product-type-simple"},"acf":[],"_links":{"self":[{"href":"https:\/\/khogiaodienmau.net\/trumtheme\/wp-json\/wp\/v2\/product\/2929"}],"collection":[{"href":"https:\/\/khogiaodienmau.net\/trumtheme\/wp-json\/wp\/v2\/product"}],"about":[{"href":"https:\/\/khogiaodienmau.net\/trumtheme\/wp-json\/wp\/v2\/types\/product"}],"replies":[{"embeddable":true,"href":"https:\/\/khogiaodienmau.net\/trumtheme\/wp-json\/wp\/v2\/comments?post=2929"}],"wp:featuredmedia":[{"embeddable":true,"href":"https:\/\/khogiaodienmau.net\/trumtheme\/wp-json\/wp\/v2\/media\/2930"}],"wp:attachment":[{"href":"https:\/\/khogiaodienmau.net\/trumtheme\/wp-json\/wp\/v2\/media?parent=2929"}],"wp:term":[{"taxonomy":"product_brand","embeddable":true,"href":"https:\/\/khogiaodienmau.net\/trumtheme\/wp-json\/wp\/v2\/product_brand?post=2929"},{"taxonomy":"product_cat","embeddable":true,"href":"https:\/\/khogiaodienmau.net\/trumtheme\/wp-json\/wp\/v2\/product_cat?post=2929"},{"taxonomy":"product_tag","embeddable":true,"href":"https:\/\/khogiaodienmau.net\/trumtheme\/wp-json\/wp\/v2\/product_tag?post=2929"}],"curies":[{"name":"wp","href":"https:\/\/api.w.org\/{rel}","templated":true}]}}