{"id":2927,"date":"2023-06-27T06:23:15","date_gmt":"2023-06-27T06:23:15","guid":{"rendered":"https:\/\/khogiaodienmau.net\/trumtheme\/?post_type=product&#038;p=2927"},"modified":"2023-06-27T06:23:15","modified_gmt":"2023-06-27T06:23:15","slug":"theme-wordpress-thuc-pham-chuc-nang-1","status":"publish","type":"product","link":"https:\/\/khogiaodienmau.net\/trumtheme\/themes\/theme-wordpress-thuc-pham-chuc-nang-1\/","title":{"rendered":"Theme wordpress th\u1ef1c ph\u1ea9m ch\u1ee9c n\u0103ng 1"},"content":{"rendered":"","protected":false},"excerpt":{"rendered":"<p>Theme WordPress Th\u1ef1c Ph\u1ea9m Ch\u1ee9c N\u0103ng 1 l\u00e0 m\u1ed9t c\u00f4ng c\u1ee5 m\u1ea1nh m\u1ebd \u0111\u1ec3 b\u1ea1n x\u00e2y d\u1ef1ng trang web chuy\u00ean v\u1ec1 th\u1ef1c ph\u1ea9m ch\u1ee9c n\u0103ng. V\u1edbi giao di\u1ec7n h\u1ea5p d\u1eabn, t\u00ednh n\u0103ng \u0111a d\u1ea1ng v\u00e0 kh\u1ea3 n\u0103ng t\u00f9y ch\u1ec9nh, theme n\u00e0y s\u1ebd gi\u00fap b\u1ea1n th\u1ec3 hi\u1ec7n s\u1ef1 chuy\u00ean nghi\u1ec7p v\u00e0 t\u1ea1o d\u1ef1ng ni\u1ec1m tin cho kh\u00e1ch h\u00e0ng<\/p>\n","protected":false},"featured_media":2928,"comment_status":"open","ping_status":"closed","template":"","meta":[],"product_brand":[],"product_cat":[53,32,60],"product_tag":[],"class_list":{"0":"post-2927","1":"product","2":"type-product","3":"status-publish","4":"has-post-thumbnail","6":"product_cat-theme-word-press-y-te-suc-khoe","7":"product_cat-theme-wordpress-thuc-pham","8":"product_cat-theme-wordpress-thuc-pham-chuc-nang","10":"first","11":"instock","12":"sale","13":"downloadable","14":"shipping-taxable","15":"purchasable","16":"product-type-simple"},"acf":[],"_links":{"self":[{"href":"https:\/\/khogiaodienmau.net\/trumtheme\/wp-json\/wp\/v2\/product\/2927"}],"collection":[{"href":"https:\/\/khogiaodienmau.net\/trumtheme\/wp-json\/wp\/v2\/product"}],"about":[{"href":"https:\/\/khogiaodienmau.net\/trumtheme\/wp-json\/wp\/v2\/types\/product"}],"replies":[{"embeddable":true,"href":"https:\/\/khogiaodienmau.net\/trumtheme\/wp-json\/wp\/v2\/comments?post=2927"}],"wp:featuredmedia":[{"embeddable":true,"href":"https:\/\/khogiaodienmau.net\/trumtheme\/wp-json\/wp\/v2\/media\/2928"}],"wp:attachment":[{"href":"https:\/\/khogiaodienmau.net\/trumtheme\/wp-json\/wp\/v2\/media?parent=2927"}],"wp:term":[{"taxonomy":"product_brand","embeddable":true,"href":"https:\/\/khogiaodienmau.net\/trumtheme\/wp-json\/wp\/v2\/product_brand?post=2927"},{"taxonomy":"product_cat","embeddable":true,"href":"https:\/\/khogiaodienmau.net\/trumtheme\/wp-json\/wp\/v2\/product_cat?post=2927"},{"taxonomy":"product_tag","embeddable":true,"href":"https:\/\/khogiaodienmau.net\/trumtheme\/wp-json\/wp\/v2\/product_tag?post=2927"}],"curies":[{"name":"wp","href":"https:\/\/api.w.org\/{rel}","templated":true}]}}