{"id":2925,"date":"2023-07-10T06:16:44","date_gmt":"2023-07-10T06:16:44","guid":{"rendered":"https:\/\/khogiaodienmau.net\/trumtheme\/?post_type=product&#038;p=2925"},"modified":"2023-07-17T13:04:23","modified_gmt":"2023-07-17T13:04:23","slug":"theme-wordpress-vat-lieu-trang-tri-san-vuon","status":"publish","type":"product","link":"https:\/\/khogiaodienmau.net\/trumtheme\/themes\/theme-wordpress-vat-lieu-trang-tri-san-vuon\/","title":{"rendered":"Theme wordpress v\u1eadt li\u1ec7u trang tr\u00ed s\u00e2n v\u01b0\u1eddn"},"content":{"rendered":"","protected":false},"excerpt":{"rendered":"<p>Theme WordPress V\u1eadt Li\u1ec7u Trang Tr\u00ed S\u00e2n V\u01b0\u1eddn l\u00e0 m\u1ed9t c\u00f4ng c\u1ee5 m\u1ea1nh m\u1ebd \u0111\u1ec3 b\u1ea1n x\u00e2y d\u1ef1ng trang web chuy\u00ean v\u1ec1 v\u1eadt li\u1ec7u trang tr\u00ed s\u00e2n v\u01b0\u1eddn. V\u1edbi giao di\u1ec7n h\u1ea5p d\u1eabn, t\u00ednh n\u0103ng \u0111a d\u1ea1ng v\u00e0 kh\u1ea3 n\u0103ng t\u00f9y ch\u1ec9nh, theme n\u00e0y s\u1ebd gi\u00fap b\u1ea1n t\u1ea1o n\u00ean trang web \u0111\u1ed9c \u0111\u00e1o v\u00e0 thu h\u00fat s\u1ef1 quan t\u00e2m c\u1ee7a kh\u00e1ch h\u00e0ng trong l\u0129nh v\u1ef1c n\u00e0y.<\/p>\n","protected":false},"featured_media":2926,"comment_status":"open","ping_status":"closed","template":"","meta":[],"product_brand":[],"product_cat":[46,33],"product_tag":[],"class_list":{"0":"post-2925","1":"product","2":"type-product","3":"status-publish","4":"has-post-thumbnail","6":"product_cat-theme-hot","7":"product_cat-theme-wordpress-xay-dung","9":"first","10":"instock","11":"sale","12":"downloadable","13":"shipping-taxable","14":"purchasable","15":"product-type-simple"},"acf":[],"_links":{"self":[{"href":"https:\/\/khogiaodienmau.net\/trumtheme\/wp-json\/wp\/v2\/product\/2925"}],"collection":[{"href":"https:\/\/khogiaodienmau.net\/trumtheme\/wp-json\/wp\/v2\/product"}],"about":[{"href":"https:\/\/khogiaodienmau.net\/trumtheme\/wp-json\/wp\/v2\/types\/product"}],"replies":[{"embeddable":true,"href":"https:\/\/khogiaodienmau.net\/trumtheme\/wp-json\/wp\/v2\/comments?post=2925"}],"wp:featuredmedia":[{"embeddable":true,"href":"https:\/\/khogiaodienmau.net\/trumtheme\/wp-json\/wp\/v2\/media\/2926"}],"wp:attachment":[{"href":"https:\/\/khogiaodienmau.net\/trumtheme\/wp-json\/wp\/v2\/media?parent=2925"}],"wp:term":[{"taxonomy":"product_brand","embeddable":true,"href":"https:\/\/khogiaodienmau.net\/trumtheme\/wp-json\/wp\/v2\/product_brand?post=2925"},{"taxonomy":"product_cat","embeddable":true,"href":"https:\/\/khogiaodienmau.net\/trumtheme\/wp-json\/wp\/v2\/product_cat?post=2925"},{"taxonomy":"product_tag","embeddable":true,"href":"https:\/\/khogiaodienmau.net\/trumtheme\/wp-json\/wp\/v2\/product_tag?post=2925"}],"curies":[{"name":"wp","href":"https:\/\/api.w.org\/{rel}","templated":true}]}}