{"id":2906,"date":"2023-06-26T17:13:27","date_gmt":"2023-06-26T17:13:27","guid":{"rendered":"https:\/\/khogiaodienmau.net\/trumtheme\/?post_type=product&#038;p=2906"},"modified":"2023-06-26T17:13:27","modified_gmt":"2023-06-26T17:13:27","slug":"theme-wordpress-nha-thuoc-1","status":"publish","type":"product","link":"https:\/\/khogiaodienmau.net\/trumtheme\/themes\/theme-wordpress-nha-thuoc-1\/","title":{"rendered":"Theme wordpress nh\u00e0 thu\u00f4c 1"},"content":{"rendered":"","protected":false},"excerpt":{"rendered":"<p>Theme WordPress Nh\u00e0 Thu\u1ed1c 1 c\u0169ng cung c\u1ea5p t\u00ednh n\u0103ng blog t\u00edch h\u1ee3p, cho ph\u00e9p b\u1ea1n chia s\u1ebb th\u00f4ng tin, tin t\u1ee9c v\u00e0 b\u00e0i vi\u1ebft v\u1ec1 l\u0129nh v\u1ef1c d\u01b0\u1ee3c ph\u1ea9m. \u0110i\u1ec1u n\u00e0y gi\u00fap b\u1ea1n x\u00e2y d\u1ef1ng s\u1ef1 tin t\u01b0\u1edfng v\u00e0 t\u1ea1o s\u1ef1 chuy\u00ean s\u00e2u trong ng\u00e0nh c\u1ee7a m\u00ecnh.<\/p>\n","protected":false},"featured_media":2907,"comment_status":"open","ping_status":"closed","template":"","meta":[],"product_brand":[],"product_cat":[46,53,26,51],"product_tag":[],"class_list":{"0":"post-2906","1":"product","2":"type-product","3":"status-publish","4":"has-post-thumbnail","6":"product_cat-theme-hot","7":"product_cat-theme-word-press-y-te-suc-khoe","8":"product_cat-theme-wordpress-ban-hang","9":"product_cat-theme-wordpress-y-te","11":"first","12":"instock","13":"sale","14":"downloadable","15":"shipping-taxable","16":"purchasable","17":"product-type-simple"},"acf":[],"_links":{"self":[{"href":"https:\/\/khogiaodienmau.net\/trumtheme\/wp-json\/wp\/v2\/product\/2906"}],"collection":[{"href":"https:\/\/khogiaodienmau.net\/trumtheme\/wp-json\/wp\/v2\/product"}],"about":[{"href":"https:\/\/khogiaodienmau.net\/trumtheme\/wp-json\/wp\/v2\/types\/product"}],"replies":[{"embeddable":true,"href":"https:\/\/khogiaodienmau.net\/trumtheme\/wp-json\/wp\/v2\/comments?post=2906"}],"wp:featuredmedia":[{"embeddable":true,"href":"https:\/\/khogiaodienmau.net\/trumtheme\/wp-json\/wp\/v2\/media\/2907"}],"wp:attachment":[{"href":"https:\/\/khogiaodienmau.net\/trumtheme\/wp-json\/wp\/v2\/media?parent=2906"}],"wp:term":[{"taxonomy":"product_brand","embeddable":true,"href":"https:\/\/khogiaodienmau.net\/trumtheme\/wp-json\/wp\/v2\/product_brand?post=2906"},{"taxonomy":"product_cat","embeddable":true,"href":"https:\/\/khogiaodienmau.net\/trumtheme\/wp-json\/wp\/v2\/product_cat?post=2906"},{"taxonomy":"product_tag","embeddable":true,"href":"https:\/\/khogiaodienmau.net\/trumtheme\/wp-json\/wp\/v2\/product_tag?post=2906"}],"curies":[{"name":"wp","href":"https:\/\/api.w.org\/{rel}","templated":true}]}}