{"id":2904,"date":"2023-06-26T16:29:20","date_gmt":"2023-06-26T16:29:20","guid":{"rendered":"https:\/\/khogiaodienmau.net\/trumtheme\/?post_type=product&#038;p=2904"},"modified":"2023-06-26T16:29:20","modified_gmt":"2023-06-26T16:29:20","slug":"theme-wordpress-noi-that-ban-ghe-van-phong","status":"publish","type":"product","link":"https:\/\/khogiaodienmau.net\/trumtheme\/themes\/theme-wordpress-noi-that-ban-ghe-van-phong\/","title":{"rendered":"Theme wordpress n\u1ed9i th\u1ea5t b\u00e0n gh\u1ebf v\u0103n ph\u00f2ng"},"content":{"rendered":"","protected":false},"excerpt":{"rendered":"<p>Theme wordpress n\u1ed9i th\u1ea5t b\u00e0n gh\u1ebf v\u0103n ph\u00f2ng c\u0169ng cung c\u1ea5p t\u00ednh n\u0103ng t\u1ed1i \u01b0u h\u00f3a c\u00f4ng c\u1ee5 t\u00ecm ki\u1ebfm (SEO) \u0111\u1ec3 gi\u00fap trang web c\u1ee7a b\u1ea1n xu\u1ea5t hi\u1ec7n cao trong k\u1ebft qu\u1ea3 t\u00ecm ki\u1ebfm. \u0110i\u1ec1u n\u00e0y s\u1ebd gi\u00fap b\u1ea1n thu h\u00fat l\u01b0\u1ee3ng l\u1edbn kh\u00e1ch h\u00e0ng ti\u1ec1m n\u0103ng v\u00e0 t\u0103ng kh\u1ea3 n\u0103ng ti\u1ebfp c\u1eadn th\u1ecb tr\u01b0\u1eddng.<\/p>\n","protected":false},"featured_media":2905,"comment_status":"open","ping_status":"closed","template":"","meta":[],"product_brand":[],"product_cat":[46,39],"product_tag":[],"class_list":{"0":"post-2904","1":"product","2":"type-product","3":"status-publish","4":"has-post-thumbnail","6":"product_cat-theme-hot","7":"product_cat-theme-wordpress-noi-that","9":"first","10":"instock","11":"sale","12":"downloadable","13":"shipping-taxable","14":"purchasable","15":"product-type-simple"},"acf":[],"_links":{"self":[{"href":"https:\/\/khogiaodienmau.net\/trumtheme\/wp-json\/wp\/v2\/product\/2904"}],"collection":[{"href":"https:\/\/khogiaodienmau.net\/trumtheme\/wp-json\/wp\/v2\/product"}],"about":[{"href":"https:\/\/khogiaodienmau.net\/trumtheme\/wp-json\/wp\/v2\/types\/product"}],"replies":[{"embeddable":true,"href":"https:\/\/khogiaodienmau.net\/trumtheme\/wp-json\/wp\/v2\/comments?post=2904"}],"wp:featuredmedia":[{"embeddable":true,"href":"https:\/\/khogiaodienmau.net\/trumtheme\/wp-json\/wp\/v2\/media\/2905"}],"wp:attachment":[{"href":"https:\/\/khogiaodienmau.net\/trumtheme\/wp-json\/wp\/v2\/media?parent=2904"}],"wp:term":[{"taxonomy":"product_brand","embeddable":true,"href":"https:\/\/khogiaodienmau.net\/trumtheme\/wp-json\/wp\/v2\/product_brand?post=2904"},{"taxonomy":"product_cat","embeddable":true,"href":"https:\/\/khogiaodienmau.net\/trumtheme\/wp-json\/wp\/v2\/product_cat?post=2904"},{"taxonomy":"product_tag","embeddable":true,"href":"https:\/\/khogiaodienmau.net\/trumtheme\/wp-json\/wp\/v2\/product_tag?post=2904"}],"curies":[{"name":"wp","href":"https:\/\/api.w.org\/{rel}","templated":true}]}}