{"id":2902,"date":"2023-06-26T16:25:52","date_gmt":"2023-06-26T16:25:52","guid":{"rendered":"https:\/\/khogiaodienmau.net\/trumtheme\/?post_type=product&#038;p=2902"},"modified":"2023-06-26T16:25:52","modified_gmt":"2023-06-26T16:25:52","slug":"theme-wordpress-nong-san-trai-cay","status":"publish","type":"product","link":"https:\/\/khogiaodienmau.net\/trumtheme\/themes\/theme-wordpress-nong-san-trai-cay\/","title":{"rendered":"Theme wordpress nong s\u1ea3n tr\u00e1i c\u00e2y"},"content":{"rendered":"","protected":false},"excerpt":{"rendered":"<p>Theme WordPress n\u00f4ng s\u1ea3n tr\u00e1i c\u00e2y c\u0169ng cung c\u1ea5p t\u00ednh n\u0103ng ph\u1ea3n h\u1ed3i v\u00e0 t\u01b0\u01a1ng th\u00edch tr\u00ean c\u00e1c thi\u1ebft b\u1ecb di \u0111\u1ed9ng. \u0110i\u1ec1u n\u00e0y r\u1ea5t quan tr\u1ecdng trong th\u1eddi \u0111\u1ea1i k\u1ef9 thu\u1eadt s\u1ed1 hi\u1ec7n nay, khi ng\u01b0\u1eddi d\u00f9ng th\u01b0\u1eddng truy c\u1eadp internet th\u00f4ng qua \u0111i\u1ec7n tho\u1ea1i di \u0111\u1ed9ng. Theme gi\u00fap trang web c\u1ee7a b\u1ea1n hi\u1ec3n th\u1ecb t\u1ed1t tr\u00ean m\u1ecdi lo\u1ea1i m\u00e0n h\u00ecnh, t\u1eeb \u0111i\u1ec7n tho\u1ea1i th\u00f4ng minh \u0111\u1ebfn m\u00e1y t\u00ednh b\u1ea3ng v\u00e0 m\u00e1y t\u00ednh c\u00e1 nh\u00e2n.<\/p>\n","protected":false},"featured_media":2903,"comment_status":"open","ping_status":"closed","template":"","meta":[],"product_brand":[],"product_cat":[46,26,32],"product_tag":[],"class_list":{"0":"post-2902","1":"product","2":"type-product","3":"status-publish","4":"has-post-thumbnail","6":"product_cat-theme-hot","7":"product_cat-theme-wordpress-ban-hang","8":"product_cat-theme-wordpress-thuc-pham","10":"first","11":"instock","12":"sale","13":"downloadable","14":"shipping-taxable","15":"purchasable","16":"product-type-simple"},"acf":[],"_links":{"self":[{"href":"https:\/\/khogiaodienmau.net\/trumtheme\/wp-json\/wp\/v2\/product\/2902"}],"collection":[{"href":"https:\/\/khogiaodienmau.net\/trumtheme\/wp-json\/wp\/v2\/product"}],"about":[{"href":"https:\/\/khogiaodienmau.net\/trumtheme\/wp-json\/wp\/v2\/types\/product"}],"replies":[{"embeddable":true,"href":"https:\/\/khogiaodienmau.net\/trumtheme\/wp-json\/wp\/v2\/comments?post=2902"}],"wp:featuredmedia":[{"embeddable":true,"href":"https:\/\/khogiaodienmau.net\/trumtheme\/wp-json\/wp\/v2\/media\/2903"}],"wp:attachment":[{"href":"https:\/\/khogiaodienmau.net\/trumtheme\/wp-json\/wp\/v2\/media?parent=2902"}],"wp:term":[{"taxonomy":"product_brand","embeddable":true,"href":"https:\/\/khogiaodienmau.net\/trumtheme\/wp-json\/wp\/v2\/product_brand?post=2902"},{"taxonomy":"product_cat","embeddable":true,"href":"https:\/\/khogiaodienmau.net\/trumtheme\/wp-json\/wp\/v2\/product_cat?post=2902"},{"taxonomy":"product_tag","embeddable":true,"href":"https:\/\/khogiaodienmau.net\/trumtheme\/wp-json\/wp\/v2\/product_tag?post=2902"}],"curies":[{"name":"wp","href":"https:\/\/api.w.org\/{rel}","templated":true}]}}