{"id":2900,"date":"2023-06-26T16:22:42","date_gmt":"2023-06-26T16:22:42","guid":{"rendered":"https:\/\/khogiaodienmau.net\/trumtheme\/?post_type=product&#038;p=2900"},"modified":"2023-06-26T16:22:43","modified_gmt":"2023-06-26T16:22:43","slug":"theme-wordpress-ban-ba-lo-tui-xach-dep","status":"publish","type":"product","link":"https:\/\/khogiaodienmau.net\/trumtheme\/themes\/theme-wordpress-ban-ba-lo-tui-xach-dep\/","title":{"rendered":"Theme wordpress b\u00e1n ba l\u00f4 t\u00fai x\u00e1ch \u0111\u1eb9p"},"content":{"rendered":"","protected":false},"excerpt":{"rendered":"<p>Theme WordPress b\u00e1n ba l\u00f4 t\u00fai x\u00e1ch \u0111\u1eb9p c\u0169ng h\u1ed7 tr\u1ee3 t\u00ednh n\u0103ng ph\u1ea3n h\u1ed3i v\u00e0 t\u01b0\u01a1ng th\u00edch tr\u00ean c\u00e1c thi\u1ebft b\u1ecb di \u0111\u1ed9ng. \u0110i\u1ec1u n\u00e0y r\u1ea5t quan tr\u1ecdng v\u00ec ng\u00e0y nay, ng\u01b0\u1eddi d\u00f9ng th\u01b0\u1eddng xem v\u00e0 mua s\u1eafm tr\u1ef1c tuy\u1ebfn t\u1eeb c\u00e1c thi\u1ebft b\u1ecb di \u0111\u1ed9ng nh\u01b0 \u0111i\u1ec7n tho\u1ea1i th\u00f4ng minh v\u00e0 m\u00e1y t\u00ednh b\u1ea3ng. Theme n\u00e0y \u0111\u1ea3m b\u1ea3o r\u1eb1ng trang web c\u1ee7a b\u1ea1n s\u1ebd hi\u1ec3n th\u1ecb t\u1ed1t tr\u00ean m\u1ecdi lo\u1ea1i m\u00e0n h\u00ecnh, mang l\u1ea1i tr\u1ea3i nghi\u1ec7m tuy\u1ec7t v\u1eddi cho kh\u00e1ch h\u00e0ng.<\/p>\n","protected":false},"featured_media":2901,"comment_status":"open","ping_status":"closed","template":"","meta":[],"product_brand":[],"product_cat":[46,26,35],"product_tag":[],"class_list":{"0":"post-2900","1":"product","2":"type-product","3":"status-publish","4":"has-post-thumbnail","6":"product_cat-theme-hot","7":"product_cat-theme-wordpress-ban-hang","8":"product_cat-theme-wordpress-thoi-trang","10":"first","11":"instock","12":"sale","13":"downloadable","14":"shipping-taxable","15":"purchasable","16":"product-type-simple"},"acf":[],"_links":{"self":[{"href":"https:\/\/khogiaodienmau.net\/trumtheme\/wp-json\/wp\/v2\/product\/2900"}],"collection":[{"href":"https:\/\/khogiaodienmau.net\/trumtheme\/wp-json\/wp\/v2\/product"}],"about":[{"href":"https:\/\/khogiaodienmau.net\/trumtheme\/wp-json\/wp\/v2\/types\/product"}],"replies":[{"embeddable":true,"href":"https:\/\/khogiaodienmau.net\/trumtheme\/wp-json\/wp\/v2\/comments?post=2900"}],"wp:featuredmedia":[{"embeddable":true,"href":"https:\/\/khogiaodienmau.net\/trumtheme\/wp-json\/wp\/v2\/media\/2901"}],"wp:attachment":[{"href":"https:\/\/khogiaodienmau.net\/trumtheme\/wp-json\/wp\/v2\/media?parent=2900"}],"wp:term":[{"taxonomy":"product_brand","embeddable":true,"href":"https:\/\/khogiaodienmau.net\/trumtheme\/wp-json\/wp\/v2\/product_brand?post=2900"},{"taxonomy":"product_cat","embeddable":true,"href":"https:\/\/khogiaodienmau.net\/trumtheme\/wp-json\/wp\/v2\/product_cat?post=2900"},{"taxonomy":"product_tag","embeddable":true,"href":"https:\/\/khogiaodienmau.net\/trumtheme\/wp-json\/wp\/v2\/product_tag?post=2900"}],"curies":[{"name":"wp","href":"https:\/\/api.w.org\/{rel}","templated":true}]}}