{"id":2893,"date":"2023-06-26T13:53:32","date_gmt":"2023-06-26T13:53:32","guid":{"rendered":"https:\/\/khogiaodienmau.net\/trumtheme\/?post_type=product&#038;p=2893"},"modified":"2023-06-26T13:53:50","modified_gmt":"2023-06-26T13:53:50","slug":"theme-wordpress-ban-heo-quay","status":"publish","type":"product","link":"https:\/\/khogiaodienmau.net\/trumtheme\/themes\/theme-wordpress-ban-heo-quay\/","title":{"rendered":"Theme wordpress b\u00e1n heo quay ,qu\u00e1n \u0103n nh\u00e0 h\u00e0ng"},"content":{"rendered":"","protected":false},"excerpt":{"rendered":"<p>Theme wordpress b\u00e1n heo quay cho ph\u00e9p b\u1ea1n tr\u00ecnh b\u00e0y c\u00e1c lo\u1ea1i s\u1ea3n ph\u1ea9m heo quay \u0111a d\u1ea1ng v\u00e0 h\u1ea5p d\u1eabn. B\u1ea1n c\u00f3 th\u1ec3 hi\u1ec3n th\u1ecb h\u00ecnh \u1ea3nh ch\u1ea5t l\u01b0\u1ee3ng cao c\u1ee7a heo quay, cung c\u1ea5p m\u00f4 t\u1ea3 chi ti\u1ebft v\u00e0 th\u00f4ng tin v\u1ec1 gi\u00e1 c\u1ea3, k\u00edch th\u01b0\u1edbc v\u00e0 c\u00e1c t\u00f9y ch\u1ecdn mua h\u00e0ng. \u0110i\u1ec1u n\u00e0y gi\u00fap kh\u00e1ch h\u00e0ng d\u1ec5 d\u00e0ng t\u00ecm ki\u1ebfm v\u00e0 l\u1ef1a ch\u1ecdn nh\u1eefng m\u00f3n heo quay y\u00eau th\u00edch.<\/p>\n","protected":false},"featured_media":2894,"comment_status":"open","ping_status":"closed","template":"","meta":[],"product_brand":[],"product_cat":[46,26,43,32],"product_tag":[],"class_list":{"0":"post-2893","1":"product","2":"type-product","3":"status-publish","4":"has-post-thumbnail","6":"product_cat-theme-hot","7":"product_cat-theme-wordpress-ban-hang","8":"product_cat-theme-wordpress-nha-hang","9":"product_cat-theme-wordpress-thuc-pham","11":"first","12":"instock","13":"sale","14":"downloadable","15":"shipping-taxable","16":"purchasable","17":"product-type-simple"},"acf":[],"_links":{"self":[{"href":"https:\/\/khogiaodienmau.net\/trumtheme\/wp-json\/wp\/v2\/product\/2893"}],"collection":[{"href":"https:\/\/khogiaodienmau.net\/trumtheme\/wp-json\/wp\/v2\/product"}],"about":[{"href":"https:\/\/khogiaodienmau.net\/trumtheme\/wp-json\/wp\/v2\/types\/product"}],"replies":[{"embeddable":true,"href":"https:\/\/khogiaodienmau.net\/trumtheme\/wp-json\/wp\/v2\/comments?post=2893"}],"wp:featuredmedia":[{"embeddable":true,"href":"https:\/\/khogiaodienmau.net\/trumtheme\/wp-json\/wp\/v2\/media\/2894"}],"wp:attachment":[{"href":"https:\/\/khogiaodienmau.net\/trumtheme\/wp-json\/wp\/v2\/media?parent=2893"}],"wp:term":[{"taxonomy":"product_brand","embeddable":true,"href":"https:\/\/khogiaodienmau.net\/trumtheme\/wp-json\/wp\/v2\/product_brand?post=2893"},{"taxonomy":"product_cat","embeddable":true,"href":"https:\/\/khogiaodienmau.net\/trumtheme\/wp-json\/wp\/v2\/product_cat?post=2893"},{"taxonomy":"product_tag","embeddable":true,"href":"https:\/\/khogiaodienmau.net\/trumtheme\/wp-json\/wp\/v2\/product_tag?post=2893"}],"curies":[{"name":"wp","href":"https:\/\/api.w.org\/{rel}","templated":true}]}}