{"id":2890,"date":"2023-06-26T13:46:31","date_gmt":"2023-06-26T13:46:31","guid":{"rendered":"https:\/\/khogiaodienmau.net\/trumtheme\/?post_type=product&#038;p=2890"},"modified":"2023-06-26T13:46:31","modified_gmt":"2023-06-26T13:46:31","slug":"theme-wordpress-ban-trang-suc-3","status":"publish","type":"product","link":"https:\/\/khogiaodienmau.net\/trumtheme\/themes\/theme-wordpress-ban-trang-suc-3\/","title":{"rendered":"Theme wordpress b\u00e1n trang s\u1ee9c 3"},"content":{"rendered":"","protected":false},"excerpt":{"rendered":"<p>V\u1edbi giao di\u1ec7n tuy\u1ec7t \u0111\u1eb9p v\u00e0 \u0111\u1ed9c \u0111\u00e1o, Theme wordpress b\u00e1n trang s\u1ee9c 3 s\u1ebd t\u1ea1o ra \u1ea5n t\u01b0\u1ee3ng m\u1ea1nh v\u1edbi kh\u00e1ch h\u00e0ng ngay t\u1eeb c\u00e1i nh\u00ecn \u0111\u1ea7u ti\u00ean. Thi\u1ebft k\u1ebf tinh t\u1ebf, v\u1edbi s\u1ef1 k\u1ebft h\u1ee3p h\u00e0i h\u00f2a gi\u1eefa gam m\u00e0u t\u01b0\u01a1i s\u00e1ng v\u00e0 c\u00e1c chi ti\u1ebft hoa v\u0103n \u0111\u1ed9c \u0111\u00e1o, gi\u00fap t\u1ea1o n\u00ean m\u1ed9t trang web trang nh\u00e3 v\u00e0 quy\u1ebfn r\u0169.<\/p>\n","protected":false},"featured_media":2892,"comment_status":"open","ping_status":"closed","template":"","meta":[],"product_brand":[],"product_cat":[35],"product_tag":[],"class_list":{"0":"post-2890","1":"product","2":"type-product","3":"status-publish","4":"has-post-thumbnail","6":"product_cat-theme-wordpress-thoi-trang","8":"first","9":"instock","10":"sale","11":"downloadable","12":"shipping-taxable","13":"purchasable","14":"product-type-simple"},"acf":[],"_links":{"self":[{"href":"https:\/\/khogiaodienmau.net\/trumtheme\/wp-json\/wp\/v2\/product\/2890"}],"collection":[{"href":"https:\/\/khogiaodienmau.net\/trumtheme\/wp-json\/wp\/v2\/product"}],"about":[{"href":"https:\/\/khogiaodienmau.net\/trumtheme\/wp-json\/wp\/v2\/types\/product"}],"replies":[{"embeddable":true,"href":"https:\/\/khogiaodienmau.net\/trumtheme\/wp-json\/wp\/v2\/comments?post=2890"}],"wp:featuredmedia":[{"embeddable":true,"href":"https:\/\/khogiaodienmau.net\/trumtheme\/wp-json\/wp\/v2\/media\/2892"}],"wp:attachment":[{"href":"https:\/\/khogiaodienmau.net\/trumtheme\/wp-json\/wp\/v2\/media?parent=2890"}],"wp:term":[{"taxonomy":"product_brand","embeddable":true,"href":"https:\/\/khogiaodienmau.net\/trumtheme\/wp-json\/wp\/v2\/product_brand?post=2890"},{"taxonomy":"product_cat","embeddable":true,"href":"https:\/\/khogiaodienmau.net\/trumtheme\/wp-json\/wp\/v2\/product_cat?post=2890"},{"taxonomy":"product_tag","embeddable":true,"href":"https:\/\/khogiaodienmau.net\/trumtheme\/wp-json\/wp\/v2\/product_tag?post=2890"}],"curies":[{"name":"wp","href":"https:\/\/api.w.org\/{rel}","templated":true}]}}