{"id":2888,"date":"2023-06-26T13:34:24","date_gmt":"2023-06-26T13:34:24","guid":{"rendered":"https:\/\/khogiaodienmau.net\/trumtheme\/?post_type=product&#038;p=2888"},"modified":"2023-06-26T13:34:24","modified_gmt":"2023-06-26T13:34:24","slug":"theme-wordpress-dich-vu-lam-visa","status":"publish","type":"product","link":"https:\/\/khogiaodienmau.net\/trumtheme\/themes\/theme-wordpress-dich-vu-lam-visa\/","title":{"rendered":"Theme wordpress d\u1ecbch v\u1ee5 l\u00e0m visa"},"content":{"rendered":"","protected":false},"excerpt":{"rendered":"<p>Theme wordpress d\u1ecbch v\u1ee5 l\u00e0m visa c\u00f3 giao di\u1ec7n chuy\u00ean nghi\u1ec7p v\u00e0 tr\u1ef1c quan, t\u1ea1o c\u1ea3m gi\u00e1c uy t\u00edn v\u00e0 \u0111\u00e1ng tin c\u1eady cho d\u1ecbch v\u1ee5 l\u00e0m visa c\u1ee7a b\u1ea1n. V\u1edbi b\u1ed1 c\u1ee5c s\u00e1ng s\u1ee7a, m\u00e0u s\u1eafc h\u00e0i h\u00f2a v\u00e0 h\u00ecnh \u1ea3nh ch\u1ea5t l\u01b0\u1ee3ng cao, theme n\u00e0y mang l\u1ea1i tr\u1ea3i nghi\u1ec7m th\u00fa v\u1ecb cho kh\u00e1ch h\u00e0ng khi kh\u00e1m ph\u00e1 th\u00f4ng tin v\u00e0 d\u1ecbch v\u1ee5 c\u1ee7a b\u1ea1n.<\/p>\n","protected":false},"featured_media":2889,"comment_status":"open","ping_status":"closed","template":"","meta":[],"product_brand":[],"product_cat":[57,50],"product_tag":[],"class_list":{"0":"post-2888","1":"product","2":"type-product","3":"status-publish","4":"has-post-thumbnail","6":"product_cat-theme-wordpress-dich-vu","7":"product_cat-theme-wordpress-gioi-thieu-cong-ty","9":"first","10":"instock","11":"sale","12":"downloadable","13":"shipping-taxable","14":"purchasable","15":"product-type-simple"},"acf":[],"_links":{"self":[{"href":"https:\/\/khogiaodienmau.net\/trumtheme\/wp-json\/wp\/v2\/product\/2888"}],"collection":[{"href":"https:\/\/khogiaodienmau.net\/trumtheme\/wp-json\/wp\/v2\/product"}],"about":[{"href":"https:\/\/khogiaodienmau.net\/trumtheme\/wp-json\/wp\/v2\/types\/product"}],"replies":[{"embeddable":true,"href":"https:\/\/khogiaodienmau.net\/trumtheme\/wp-json\/wp\/v2\/comments?post=2888"}],"wp:featuredmedia":[{"embeddable":true,"href":"https:\/\/khogiaodienmau.net\/trumtheme\/wp-json\/wp\/v2\/media\/2889"}],"wp:attachment":[{"href":"https:\/\/khogiaodienmau.net\/trumtheme\/wp-json\/wp\/v2\/media?parent=2888"}],"wp:term":[{"taxonomy":"product_brand","embeddable":true,"href":"https:\/\/khogiaodienmau.net\/trumtheme\/wp-json\/wp\/v2\/product_brand?post=2888"},{"taxonomy":"product_cat","embeddable":true,"href":"https:\/\/khogiaodienmau.net\/trumtheme\/wp-json\/wp\/v2\/product_cat?post=2888"},{"taxonomy":"product_tag","embeddable":true,"href":"https:\/\/khogiaodienmau.net\/trumtheme\/wp-json\/wp\/v2\/product_tag?post=2888"}],"curies":[{"name":"wp","href":"https:\/\/api.w.org\/{rel}","templated":true}]}}