{"id":2884,"date":"2023-06-26T13:26:42","date_gmt":"2023-06-26T13:26:42","guid":{"rendered":"https:\/\/khogiaodienmau.net\/trumtheme\/?post_type=product&#038;p=2884"},"modified":"2023-06-26T13:27:09","modified_gmt":"2023-06-26T13:27:09","slug":"theme-wordpress-shop-hoa-tuoi-4","status":"publish","type":"product","link":"https:\/\/khogiaodienmau.net\/trumtheme\/themes\/theme-wordpress-shop-hoa-tuoi-4\/","title":{"rendered":"Theme wordpress shop hoa t\u01b0\u01a1i 4"},"content":{"rendered":"","protected":false},"excerpt":{"rendered":"<p>:Theme wordpress shop hoa t\u01b0\u01a1i 4 c\u00f3 m\u1ed9t giao di\u1ec7n t\u01b0\u01a1i s\u00e1ng v\u00e0 h\u1ea5p d\u1eabn, th\u1ec3 hi\u1ec7n s\u1ef1 t\u01b0\u01a1i m\u00e1t v\u00e0 hoa l\u1ec7 c\u1ee7a c\u00e1c s\u1ea3n ph\u1ea9m hoa t\u01b0\u01a1i. V\u1edbi m\u00e0u s\u1eafc t\u01b0\u01a1i s\u00e1ng v\u00e0 thi\u1ebft k\u1ebf th\u1ea9m m\u1ef9, theme n\u00e0y t\u1ea1o c\u1ea3m gi\u00e1c vui t\u01b0\u01a1i v\u00e0 l\u00f4i cu\u1ed1n ngay t\u1eeb c\u00e1i nh\u00ecn \u0111\u1ea7u ti\u00ean.<\/p>\n","protected":false},"featured_media":2885,"comment_status":"open","ping_status":"closed","template":"","meta":[],"product_brand":[],"product_cat":[46,26],"product_tag":[],"class_list":{"0":"post-2884","1":"product","2":"type-product","3":"status-publish","4":"has-post-thumbnail","6":"product_cat-theme-hot","7":"product_cat-theme-wordpress-ban-hang","9":"first","10":"instock","11":"sale","12":"downloadable","13":"shipping-taxable","14":"purchasable","15":"product-type-simple"},"acf":[],"_links":{"self":[{"href":"https:\/\/khogiaodienmau.net\/trumtheme\/wp-json\/wp\/v2\/product\/2884"}],"collection":[{"href":"https:\/\/khogiaodienmau.net\/trumtheme\/wp-json\/wp\/v2\/product"}],"about":[{"href":"https:\/\/khogiaodienmau.net\/trumtheme\/wp-json\/wp\/v2\/types\/product"}],"replies":[{"embeddable":true,"href":"https:\/\/khogiaodienmau.net\/trumtheme\/wp-json\/wp\/v2\/comments?post=2884"}],"wp:featuredmedia":[{"embeddable":true,"href":"https:\/\/khogiaodienmau.net\/trumtheme\/wp-json\/wp\/v2\/media\/2885"}],"wp:attachment":[{"href":"https:\/\/khogiaodienmau.net\/trumtheme\/wp-json\/wp\/v2\/media?parent=2884"}],"wp:term":[{"taxonomy":"product_brand","embeddable":true,"href":"https:\/\/khogiaodienmau.net\/trumtheme\/wp-json\/wp\/v2\/product_brand?post=2884"},{"taxonomy":"product_cat","embeddable":true,"href":"https:\/\/khogiaodienmau.net\/trumtheme\/wp-json\/wp\/v2\/product_cat?post=2884"},{"taxonomy":"product_tag","embeddable":true,"href":"https:\/\/khogiaodienmau.net\/trumtheme\/wp-json\/wp\/v2\/product_tag?post=2884"}],"curies":[{"name":"wp","href":"https:\/\/api.w.org\/{rel}","templated":true}]}}