{"id":2867,"date":"2023-06-26T12:49:19","date_gmt":"2023-06-26T12:49:19","guid":{"rendered":"https:\/\/khogiaodienmau.net\/trumtheme\/?post_type=product&#038;p=2867"},"modified":"2023-06-26T12:49:19","modified_gmt":"2023-06-26T12:49:19","slug":"theme-wordpress-bds-31","status":"publish","type":"product","link":"https:\/\/khogiaodienmau.net\/trumtheme\/themes\/theme-wordpress-bds-31\/","title":{"rendered":"Theme wordpress bds 31"},"content":{"rendered":"","protected":false},"excerpt":{"rendered":"<p>Theme &#8220;B\u1ea5t \u0110\u1ed9ng S\u1ea3n 31&#8221; cung c\u1ea5p kh\u1ea3 n\u0103ng t\u00f9y ch\u1ec9nh cao, cho ph\u00e9p b\u1ea1n thay \u0111\u1ed5i m\u00e0u s\u1eafc, b\u1ed1 c\u1ee5c v\u00e0 ph\u00f4ng ch\u1eef c\u1ee7a trang web \u0111\u1ec3 ph\u00f9 h\u1ee3p v\u1edbi th\u01b0\u01a1ng hi\u1ec7u v\u00e0 phong c\u00e1ch ri\u00eang c\u1ee7a b\u1ea1n. B\u1ea1n c\u00f3 th\u1ec3 t\u1ea1o n\u00ean m\u1ed9t trang web \u0111\u1ed9c \u0111\u00e1o v\u00e0 \u0111\u1eb7c bi\u1ec7t, th\u1ec3 hi\u1ec7n s\u1ef1 c\u00e1 nh\u00e2n h\u00f3a v\u00e0 s\u1ef1 kh\u00e1c bi\u1ec7t c\u1ee7a doanh nghi\u1ec7p b\u1ea5t \u0111\u1ed9ng s\u1ea3n c\u1ee7a b\u1ea1n.<\/p>\n","protected":false},"featured_media":2868,"comment_status":"open","ping_status":"closed","template":"","meta":[],"product_brand":[],"product_cat":[34,31],"product_tag":[],"class_list":{"0":"post-2867","1":"product","2":"type-product","3":"status-publish","4":"has-post-thumbnail","6":"product_cat-theme-wordpress-bat-dong-san","7":"product_cat-theme-wordpress-landing-page","9":"first","10":"instock","11":"sale","12":"downloadable","13":"shipping-taxable","14":"purchasable","15":"product-type-simple"},"acf":[],"_links":{"self":[{"href":"https:\/\/khogiaodienmau.net\/trumtheme\/wp-json\/wp\/v2\/product\/2867"}],"collection":[{"href":"https:\/\/khogiaodienmau.net\/trumtheme\/wp-json\/wp\/v2\/product"}],"about":[{"href":"https:\/\/khogiaodienmau.net\/trumtheme\/wp-json\/wp\/v2\/types\/product"}],"replies":[{"embeddable":true,"href":"https:\/\/khogiaodienmau.net\/trumtheme\/wp-json\/wp\/v2\/comments?post=2867"}],"wp:featuredmedia":[{"embeddable":true,"href":"https:\/\/khogiaodienmau.net\/trumtheme\/wp-json\/wp\/v2\/media\/2868"}],"wp:attachment":[{"href":"https:\/\/khogiaodienmau.net\/trumtheme\/wp-json\/wp\/v2\/media?parent=2867"}],"wp:term":[{"taxonomy":"product_brand","embeddable":true,"href":"https:\/\/khogiaodienmau.net\/trumtheme\/wp-json\/wp\/v2\/product_brand?post=2867"},{"taxonomy":"product_cat","embeddable":true,"href":"https:\/\/khogiaodienmau.net\/trumtheme\/wp-json\/wp\/v2\/product_cat?post=2867"},{"taxonomy":"product_tag","embeddable":true,"href":"https:\/\/khogiaodienmau.net\/trumtheme\/wp-json\/wp\/v2\/product_tag?post=2867"}],"curies":[{"name":"wp","href":"https:\/\/api.w.org\/{rel}","templated":true}]}}