{"id":2865,"date":"2023-06-26T12:45:34","date_gmt":"2023-06-26T12:45:34","guid":{"rendered":"https:\/\/khogiaodienmau.net\/trumtheme\/?post_type=product&#038;p=2865"},"modified":"2023-06-28T16:08:18","modified_gmt":"2023-06-28T16:08:18","slug":"theme-wordpress-bds-1","status":"publish","type":"product","link":"https:\/\/khogiaodienmau.net\/trumtheme\/themes\/theme-wordpress-bds-1\/","title":{"rendered":"Theme wordpress bds 1"},"content":{"rendered":"","protected":false},"excerpt":{"rendered":"<p>Theme wordpress bds 1 \u0111\u01b0\u1ee3c thi\u1ebft k\u1ebf v\u1edbi t\u00ednh linh ho\u1ea1t cao, cho ph\u00e9p b\u1ea1n t\u00f9y ch\u1ec9nh trang web theo \u00fd mu\u1ed1n c\u1ee7a m\u00ecnh. B\u1ea1n c\u00f3 th\u1ec3 thay \u0111\u1ed5i m\u00e0u s\u1eafc, ph\u00f4ng ch\u1eef, b\u1ed1 c\u1ee5c v\u00e0 hi\u1ec7u \u1ee9ng trang web \u0111\u1ec3 ph\u00f9 h\u1ee3p v\u1edbi th\u01b0\u01a1ng hi\u1ec7u v\u00e0 phong c\u00e1ch ri\u00eang c\u1ee7a b\u1ea1n. \u0110i\u1ec1u n\u00e0y gi\u00fap b\u1ea1n t\u1ea1o ra m\u1ed9t trang web \u0111\u1ed9c \u0111\u00e1o v\u00e0 t\u1ea1o s\u1ef1 \u1ea5n t\u01b0\u1ee3ng v\u1edbi kh\u00e1ch h\u00e0ng.<\/p>\n","protected":false},"featured_media":2866,"comment_status":"open","ping_status":"closed","template":"","meta":[],"product_brand":[],"product_cat":[46,34,31],"product_tag":[85,84],"class_list":{"0":"post-2865","1":"product","2":"type-product","3":"status-publish","4":"has-post-thumbnail","6":"product_cat-theme-hot","7":"product_cat-theme-wordpress-bat-dong-san","8":"product_cat-theme-wordpress-landing-page","9":"product_tag-bat-dong-san-42","10":"product_tag-bds42","12":"first","13":"instock","14":"sale","15":"downloadable","16":"shipping-taxable","17":"purchasable","18":"product-type-simple"},"acf":[],"_links":{"self":[{"href":"https:\/\/khogiaodienmau.net\/trumtheme\/wp-json\/wp\/v2\/product\/2865"}],"collection":[{"href":"https:\/\/khogiaodienmau.net\/trumtheme\/wp-json\/wp\/v2\/product"}],"about":[{"href":"https:\/\/khogiaodienmau.net\/trumtheme\/wp-json\/wp\/v2\/types\/product"}],"replies":[{"embeddable":true,"href":"https:\/\/khogiaodienmau.net\/trumtheme\/wp-json\/wp\/v2\/comments?post=2865"}],"wp:featuredmedia":[{"embeddable":true,"href":"https:\/\/khogiaodienmau.net\/trumtheme\/wp-json\/wp\/v2\/media\/2866"}],"wp:attachment":[{"href":"https:\/\/khogiaodienmau.net\/trumtheme\/wp-json\/wp\/v2\/media?parent=2865"}],"wp:term":[{"taxonomy":"product_brand","embeddable":true,"href":"https:\/\/khogiaodienmau.net\/trumtheme\/wp-json\/wp\/v2\/product_brand?post=2865"},{"taxonomy":"product_cat","embeddable":true,"href":"https:\/\/khogiaodienmau.net\/trumtheme\/wp-json\/wp\/v2\/product_cat?post=2865"},{"taxonomy":"product_tag","embeddable":true,"href":"https:\/\/khogiaodienmau.net\/trumtheme\/wp-json\/wp\/v2\/product_tag?post=2865"}],"curies":[{"name":"wp","href":"https:\/\/api.w.org\/{rel}","templated":true}]}}