{"id":2856,"date":"2023-06-26T12:30:37","date_gmt":"2023-06-26T12:30:37","guid":{"rendered":"https:\/\/khogiaodienmau.net\/trumtheme\/?post_type=product&#038;p=2856"},"modified":"2023-06-26T12:31:23","modified_gmt":"2023-06-26T12:31:23","slug":"theme-wordpress-quan-nhau","status":"publish","type":"product","link":"https:\/\/khogiaodienmau.net\/trumtheme\/themes\/theme-wordpress-quan-nhau\/","title":{"rendered":"Theme wordpress qu\u00e1n nh\u1eadu,nh\u00e0 h\u00e0ng \u1ea9m th\u1ef1c"},"content":{"rendered":"","protected":false},"excerpt":{"rendered":"<p>Giao di\u1ec7n chuy\u00ean nghi\u1ec7p v\u00e0 t\u00f9y ch\u1ec9nh: Theme wordpress Qu\u00e1n Nh\u1eadu c\u00f3 m\u1ed9t giao di\u1ec7n s\u00e1ng t\u1ea1o, h\u1ea5p d\u1eabn v\u00e0 chuy\u00ean nghi\u1ec7p. B\u1ea1n c\u00f3 th\u1ec3 t\u00f9y ch\u1ec9nh m\u00e0u s\u1eafc, ph\u00f4ng ch\u1eef, h\u00ecnh n\u1ec1n v\u00e0 b\u1ed1 c\u1ee5c trang web theo \u00fd mu\u1ed1n c\u1ee7a m\u00ecnh. \u0110i\u1ec1u n\u00e0y gi\u00fap b\u1ea1n t\u1ea1o ra m\u1ed9t trang web \u0111\u1ed9c \u0111\u00e1o ph\u1ea3n \u00e1nh phong c\u00e1ch v\u00e0 b\u1ea3n s\u1eafc c\u1ee7a qu\u00e1n nh\u1eadu c\u1ee7a b\u1ea1n.<\/p>\n","protected":false},"featured_media":2857,"comment_status":"open","ping_status":"closed","template":"","meta":[],"product_brand":[],"product_cat":[43,32],"product_tag":[],"class_list":{"0":"post-2856","1":"product","2":"type-product","3":"status-publish","4":"has-post-thumbnail","6":"product_cat-theme-wordpress-nha-hang","7":"product_cat-theme-wordpress-thuc-pham","9":"first","10":"instock","11":"sale","12":"downloadable","13":"shipping-taxable","14":"purchasable","15":"product-type-simple"},"acf":[],"_links":{"self":[{"href":"https:\/\/khogiaodienmau.net\/trumtheme\/wp-json\/wp\/v2\/product\/2856"}],"collection":[{"href":"https:\/\/khogiaodienmau.net\/trumtheme\/wp-json\/wp\/v2\/product"}],"about":[{"href":"https:\/\/khogiaodienmau.net\/trumtheme\/wp-json\/wp\/v2\/types\/product"}],"replies":[{"embeddable":true,"href":"https:\/\/khogiaodienmau.net\/trumtheme\/wp-json\/wp\/v2\/comments?post=2856"}],"wp:featuredmedia":[{"embeddable":true,"href":"https:\/\/khogiaodienmau.net\/trumtheme\/wp-json\/wp\/v2\/media\/2857"}],"wp:attachment":[{"href":"https:\/\/khogiaodienmau.net\/trumtheme\/wp-json\/wp\/v2\/media?parent=2856"}],"wp:term":[{"taxonomy":"product_brand","embeddable":true,"href":"https:\/\/khogiaodienmau.net\/trumtheme\/wp-json\/wp\/v2\/product_brand?post=2856"},{"taxonomy":"product_cat","embeddable":true,"href":"https:\/\/khogiaodienmau.net\/trumtheme\/wp-json\/wp\/v2\/product_cat?post=2856"},{"taxonomy":"product_tag","embeddable":true,"href":"https:\/\/khogiaodienmau.net\/trumtheme\/wp-json\/wp\/v2\/product_tag?post=2856"}],"curies":[{"name":"wp","href":"https:\/\/api.w.org\/{rel}","templated":true}]}}