{"id":2852,"date":"2023-06-25T05:56:39","date_gmt":"2023-06-25T05:56:39","guid":{"rendered":"https:\/\/khogiaodienmau.net\/trumtheme\/?post_type=product&#038;p=2852"},"modified":"2023-06-25T07:09:47","modified_gmt":"2023-06-25T07:09:47","slug":"theme-wordpress-luat-su-5","status":"publish","type":"product","link":"https:\/\/khogiaodienmau.net\/trumtheme\/themes\/theme-wordpress-luat-su-5\/","title":{"rendered":"Theme WordPress Lu\u1eadt S\u01b0 5"},"content":{"rendered":"","protected":false},"excerpt":{"rendered":"<p>Theme WordPress Lu\u1eadt S\u01b0 5 \u0111\u01b0\u1ee3c t\u1ea1o ra v\u1edbi s\u1ef1 ch\u00fa tr\u1ecdng \u0111\u1ebfn m\u1ecdi chi ti\u1ebft v\u00e0 ch\u1ee9c n\u0103ng m\u00e0 m\u1ed9t trang web lu\u1eadt s\u01b0 c\u1ea7n. V\u1edbi c\u00e1c thi\u1ebft k\u1ebf s\u00e1ng t\u1ea1o v\u00e0 tr\u1ef1c quan, theme n\u00e0y gi\u00fap b\u1ea1n th\u1ec3 hi\u1ec7n \u0111\u1ed9 tin c\u1eady v\u00e0 chuy\u00ean m\u00f4n c\u1ee7a m\u00ecnh trong l\u0129nh v\u1ef1c ph\u00e1p l\u00fd.<\/p>\n","protected":false},"featured_media":2853,"comment_status":"open","ping_status":"closed","template":"","meta":[],"product_brand":[],"product_cat":[46,57,50],"product_tag":[],"class_list":{"0":"post-2852","1":"product","2":"type-product","3":"status-publish","4":"has-post-thumbnail","6":"product_cat-theme-hot","7":"product_cat-theme-wordpress-dich-vu","8":"product_cat-theme-wordpress-gioi-thieu-cong-ty","10":"first","11":"instock","12":"sale","13":"downloadable","14":"shipping-taxable","15":"purchasable","16":"product-type-simple"},"acf":[],"_links":{"self":[{"href":"https:\/\/khogiaodienmau.net\/trumtheme\/wp-json\/wp\/v2\/product\/2852"}],"collection":[{"href":"https:\/\/khogiaodienmau.net\/trumtheme\/wp-json\/wp\/v2\/product"}],"about":[{"href":"https:\/\/khogiaodienmau.net\/trumtheme\/wp-json\/wp\/v2\/types\/product"}],"replies":[{"embeddable":true,"href":"https:\/\/khogiaodienmau.net\/trumtheme\/wp-json\/wp\/v2\/comments?post=2852"}],"wp:featuredmedia":[{"embeddable":true,"href":"https:\/\/khogiaodienmau.net\/trumtheme\/wp-json\/wp\/v2\/media\/2853"}],"wp:attachment":[{"href":"https:\/\/khogiaodienmau.net\/trumtheme\/wp-json\/wp\/v2\/media?parent=2852"}],"wp:term":[{"taxonomy":"product_brand","embeddable":true,"href":"https:\/\/khogiaodienmau.net\/trumtheme\/wp-json\/wp\/v2\/product_brand?post=2852"},{"taxonomy":"product_cat","embeddable":true,"href":"https:\/\/khogiaodienmau.net\/trumtheme\/wp-json\/wp\/v2\/product_cat?post=2852"},{"taxonomy":"product_tag","embeddable":true,"href":"https:\/\/khogiaodienmau.net\/trumtheme\/wp-json\/wp\/v2\/product_tag?post=2852"}],"curies":[{"name":"wp","href":"https:\/\/api.w.org\/{rel}","templated":true}]}}